{"id":13028,"date":"2024-08-02T21:40:35","date_gmt":"2024-08-02T21:40:35","guid":{"rendered":"https:\/\/lightcoral-quail-614152.hostingersite.com\/latam\/?page_id=13028"},"modified":"2024-08-02T22:10:19","modified_gmt":"2024-08-02T22:10:19","slug":"plantilla-de-plan-de-marketing-digital","status":"publish","type":"page","link":"https:\/\/signalisgroup.com\/latam\/plantilla-de-plan-de-marketing-digital\/","title":{"rendered":"Plantilla de plan de marketing digital"},"content":{"rendered":"<p>[et_pb_section fb_built=\u00bb1&#8243; admin_label=\u00bbHeader\u00bb _builder_version=\u00bb4.27.0&#8243; _module_preset=\u00bbdefault\u00bb use_background_color_gradient=\u00bbon\u00bb background_color_gradient_stops=\u00bbrgba(255,255,255,0.65) 0%|rgba(255,255,255,0.73) 99%\u00bb background_color_gradient_overlays_image=\u00bbon\u00bb background_image=\u00bbhttps:\/\/lightcoral-quail-614152.hostingersite.com\/latam\/wp-content\/uploads\/2024\/08\/fondos-plantillas1.jpg\u00bb background_position=\u00bbtop_center\u00bb background_vertical_offset=\u00bb29%\u00bb custom_padding=\u00bb3vw||110px||false|false\u00bb bottom_divider_color=\u00bb#9DCCA6&#8243; bottom_divider_repeat=\u00bb1x\u00bb bottom_divider_flip=\u00bbhorizontal|vertical\u00bb hover_enabled=\u00bb0&#8243; collapsed=\u00bbon\u00bb global_colors_info=\u00bb{}\u00bb sticky_enabled=\u00bb0&#8243;][et_pb_row column_structure=\u00bb3_5,2_5&#8243; _builder_version=\u00bb4.21.0&#8243; _module_preset=\u00bbdefault\u00bb custom_padding=\u00bb||0px||false|false\u00bb global_colors_info=\u00bb{}\u00bb][et_pb_column type=\u00bb3_5&#8243; _builder_version=\u00bb4.19.1&#8243; _module_preset=\u00bbdefault\u00bb global_colors_info=\u00bb{}\u00bb][et_pb_image src=\u00bbhttps:\/\/lightcoral-quail-614152.hostingersite.com\/latam\/wp-content\/uploads\/2024\/07\/logo-latam-web.png\u00bb title_text=\u00bblogo-latam-web\u00bb _builder_version=\u00bb4.27.0&#8243; _module_preset=\u00bbdefault\u00bb global_colors_info=\u00bb{}\u00bb][\/et_pb_image][et_pb_text _builder_version=\u00bb4.27.0&#8243; _module_preset=\u00bb_initial\u00bb header_text_color=\u00bbgcid-a9d8e14e-2f78-408a-a83c-506939196b52&#8243; header_line_height=\u00bb1.2em\u00bb header_4_font=\u00bbSource Sans Pro|600|||||||\u00bb header_4_font_size=\u00bb14px\u00bb custom_margin=\u00bb||10px||false|false\u00bb header_font_size_tablet=\u00bb40px\u00bb header_font_size_phone=\u00bb24px\u00bb header_font_size_last_edited=\u00bbon|desktop\u00bb global_colors_info=\u00bb{%22gcid-a9d8e14e-2f78-408a-a83c-506939196b52%22:%91%22header_text_color%22%93}\u00bb]<\/p>\n<h1><strong>\u00a1Descarga ahora la plantilla de plan<\/strong><br \/><strong>de marketing digital!<\/strong><\/h1>\n<p>[\/et_pb_text][et_pb_text _builder_version=\u00bb4.21.0&#8243; _module_preset=\u00bb_initial\u00bb text_text_color=\u00bbgcid-a9d8e14e-2f78-408a-a83c-506939196b52&#8243; header_font=\u00bb||||||||\u00bb header_2_font=\u00bbSource Sans Pro|600|||||||\u00bb header_2_font_size=\u00bb48px\u00bb header_2_line_height=\u00bb1.4em\u00bb header_3_font=\u00bb||||||||\u00bb header_2_font_size_tablet=\u00bb32px\u00bb header_2_font_size_phone=\u00bb20px\u00bb header_3_font_size_tablet=\u00bb20px\u00bb header_3_font_size_phone=\u00bb16px\u00bb global_colors_info=\u00bb{%22gcid-a9d8e14e-2f78-408a-a83c-506939196b52%22:%91%22text_text_color%22%93}\u00bb]<\/p>\n<h3><strong><span>Conoce cu\u00e1l es el prop\u00f3sito de tu pyme y crea la estrategia que te permitir\u00e1 dar los pasos seguros en el camino del \u00e9xito.<\/span><\/strong><\/h3>\n<p>[\/et_pb_text][et_pb_text _builder_version=\u00bb4.27.0&#8243; _module_preset=\u00bbdefault\u00bb global_colors_info=\u00bb{}\u00bb]<\/p>\n<p><span>En esta gu\u00eda encontrar\u00e1s cada uno de los aspectos que debes tener en cuenta a la hora de planificar la estrategia de marketing digital de tu pyme.\u00a0<\/span><\/p>\n<ul>\n<li><span>Aspectos generales<\/span><\/li>\n<li><span>An\u00e1lisis interno de la empresa<\/span><\/li>\n<li><span>Audiencias objetivo<\/span><\/li>\n<li><span>Canales<\/span><\/li>\n<\/ul>\n<p>[\/et_pb_text][\/et_pb_column][et_pb_column type=\u00bb2_5&#8243; _builder_version=\u00bb4.19.1&#8243; _module_preset=\u00bbdefault\u00bb global_colors_info=\u00bb{}\u00bb][et_pb_code _builder_version=\u00bb4.27.0&#8243; _module_preset=\u00bbdefault\u00bb global_colors_info=\u00bb{}\u00bb]<script charset=\"utf-8\" type=\"text\/javascript\" src=\"\/\/js.hsforms.net\/forms\/embed\/v2.js\"><\/script><!-- [et_pb_line_break_holder] --><script><!-- [et_pb_line_break_holder] -->  hbspt.forms.create({<!-- [et_pb_line_break_holder] -->    region: \"na1\",<!-- [et_pb_line_break_holder] -->    portalId: \"4303380\",<!-- [et_pb_line_break_holder] -->    formId: \"8981a4bf-0834-424a-b673-4e0d69b012d4\"<!-- [et_pb_line_break_holder] -->  });<!-- [et_pb_line_break_holder] --><\/script>[\/et_pb_code][\/et_pb_column][\/et_pb_row][\/et_pb_section][et_pb_section fb_built=\u00bb1&#8243; admin_label=\u00bbCourses\u00bb _builder_version=\u00bb4.27.0&#8243; _module_preset=\u00bbdefault\u00bb background_enable_color=\u00bboff\u00bb background_enable_image=\u00bboff\u00bb custom_padding=\u00bb42px||42px||true|false\u00bb top_divider_style=\u00bbmountains\u00bb top_divider_color=\u00bb#9DCCA6&#8243; saved_tabs=\u00bball\u00bb collapsed=\u00bbon\u00bb global_colors_info=\u00bb{}\u00bb][et_pb_row _builder_version=\u00bb4.19.1&#8243; _module_preset=\u00bbdefault\u00bb custom_margin=\u00bb-5px|auto||auto||\u00bb global_colors_info=\u00bb{}\u00bb][et_pb_column type=\u00bb4_4&#8243; _builder_version=\u00bb4.19.1&#8243; _module_preset=\u00bbdefault\u00bb global_colors_info=\u00bb{}\u00bb][et_pb_text _builder_version=\u00bb4.27.0&#8243; _module_preset=\u00bbdefault\u00bb custom_margin=\u00bb70px|||||\u00bb global_colors_info=\u00bb{}\u00bb]<\/p>\n<h3><span><strong>Preguntas b\u00e1sicas protecci\u00f3n de privacidad<\/strong><\/span><\/h3>\n<ul>\n<li><span><strong>\u00bfPor qu\u00e9 debo completar la informaci\u00f3n requerida?<\/strong><\/span><br \/><span>Siempre mantendremos tu informaci\u00f3n personal segura. Solicitamos tu informaci\u00f3n a cambio de un valioso recurso a fin de (a) mejorar tu experiencia de b\u00fasqueda personalizando el sitio seg\u00fan tus necesidades; (b) enviarte informaci\u00f3n que creemos podr\u00eda ser de tu inter\u00e9s por correo electr\u00f3nico u otros medios; o (c) enviarte comunicaciones sobre marketing que creemos podr\u00edan ser valiosas para ti. Puedes leer m\u00e1s informaci\u00f3n sobre nuestra pol\u00edtica de privacidad <a href=\"\/politica-de-privacidad\/\" target=\"_blank\" rel=\"noopener\">aqu\u00ed.<\/a><\/span><\/li>\n<li><span><strong>\u00bfEste recurso es realmente gratuito?<\/strong><\/span><br \/><span>S\u00ed, por supuesto. Queremos compartir contigo de manera gratuita conocimiento que esperamos te sea \u00fatil. Ponte en contacto con nosotros la pr\u00f3xima vez que tengas preguntas sobre marketing.<\/span><\/li>\n<\/ul>\n<p>[\/et_pb_text][\/et_pb_column][\/et_pb_row][\/et_pb_section]<\/p>\n","protected":false},"excerpt":{"rendered":"<p>\u00a1Descarga ahora la plantilla de plande marketing digital!Conoce cu\u00e1l es el prop\u00f3sito de tu pyme y crea la estrategia que te permitir\u00e1 dar los pasos seguros en el camino del \u00e9xito.En esta gu\u00eda encontrar\u00e1s cada uno de los aspectos que debes tener en cuenta a la hora de planificar la estrategia de marketing digital de [&hellip;]<\/p>\n","protected":false},"author":3,"featured_media":0,"parent":0,"menu_order":0,"comment_status":"closed","ping_status":"closed","template":"","meta":{"_et_pb_use_builder":"on","_et_pb_old_content":"","_et_gb_content_width":"","content-type":"","footnotes":""},"class_list":["post-13028","page","type-page","status-publish","hentry"],"yoast_head":"<!-- This site is optimized with the Yoast SEO plugin v26.9 - https:\/\/yoast.com\/product\/yoast-seo-wordpress\/ -->\n<title>Plantilla de plan de marketing digital - Signalis Group Latam<\/title>\n<meta name=\"robots\" content=\"index, follow, max-snippet:-1, max-image-preview:large, max-video-preview:-1\" \/>\n<link rel=\"canonical\" href=\"https:\/\/signalisgroup.com\/latam\/plantilla-de-plan-de-marketing-digital\/\" \/>\n<meta property=\"og:locale\" content=\"es_ES\" \/>\n<meta property=\"og:type\" content=\"article\" \/>\n<meta property=\"og:title\" content=\"Plantilla de plan de marketing digital - Signalis Group Latam\" \/>\n<meta property=\"og:description\" content=\"\u00a1Descarga ahora la plantilla de plande marketing digital!Conoce cu\u00e1l es el prop\u00f3sito de tu pyme y crea la estrategia que te permitir\u00e1 dar los pasos seguros en el camino del \u00e9xito.En esta gu\u00eda encontrar\u00e1s cada uno de los aspectos que debes tener en cuenta a la hora de planificar la estrategia de marketing digital de [&hellip;]\" \/>\n<meta property=\"og:url\" content=\"https:\/\/signalisgroup.com\/latam\/plantilla-de-plan-de-marketing-digital\/\" \/>\n<meta property=\"og:site_name\" content=\"Signalis Group Latam\" \/>\n<meta property=\"article:modified_time\" content=\"2024-08-02T22:10:19+00:00\" \/>\n<meta name=\"twitter:card\" content=\"summary_large_image\" \/>\n<script type=\"application\/ld+json\" class=\"yoast-schema-graph\">{\"@context\":\"https:\/\/schema.org\",\"@graph\":[{\"@type\":\"WebPage\",\"@id\":\"https:\/\/signalisgroup.com\/latam\/plantilla-de-plan-de-marketing-digital\/\",\"url\":\"https:\/\/signalisgroup.com\/latam\/plantilla-de-plan-de-marketing-digital\/\",\"name\":\"Plantilla de plan de marketing digital - Signalis Group Latam\",\"isPartOf\":{\"@id\":\"https:\/\/signalisgroup.com\/latam\/#website\"},\"datePublished\":\"2024-08-02T21:40:35+00:00\",\"dateModified\":\"2024-08-02T22:10:19+00:00\",\"breadcrumb\":{\"@id\":\"https:\/\/signalisgroup.com\/latam\/plantilla-de-plan-de-marketing-digital\/#breadcrumb\"},\"inLanguage\":\"es\",\"potentialAction\":[{\"@type\":\"ReadAction\",\"target\":[\"https:\/\/signalisgroup.com\/latam\/plantilla-de-plan-de-marketing-digital\/\"]}]},{\"@type\":\"BreadcrumbList\",\"@id\":\"https:\/\/signalisgroup.com\/latam\/plantilla-de-plan-de-marketing-digital\/#breadcrumb\",\"itemListElement\":[{\"@type\":\"ListItem\",\"position\":1,\"name\":\"Portada\",\"item\":\"https:\/\/signalisgroup.com\/latam\/\"},{\"@type\":\"ListItem\",\"position\":2,\"name\":\"Plantilla de plan de marketing digital\"}]},{\"@type\":\"WebSite\",\"@id\":\"https:\/\/signalisgroup.com\/latam\/#website\",\"url\":\"https:\/\/signalisgroup.com\/latam\/\",\"name\":\"Signalis Group Latam\",\"description\":\"Inbound Marketing Agency\",\"potentialAction\":[{\"@type\":\"SearchAction\",\"target\":{\"@type\":\"EntryPoint\",\"urlTemplate\":\"https:\/\/signalisgroup.com\/latam\/?s={search_term_string}\"},\"query-input\":{\"@type\":\"PropertyValueSpecification\",\"valueRequired\":true,\"valueName\":\"search_term_string\"}}],\"inLanguage\":\"es\"}]}<\/script>\n<!-- \/ Yoast SEO plugin. -->","yoast_head_json":{"title":"Plantilla de plan de marketing digital - Signalis Group Latam","robots":{"index":"index","follow":"follow","max-snippet":"max-snippet:-1","max-image-preview":"max-image-preview:large","max-video-preview":"max-video-preview:-1"},"canonical":"https:\/\/signalisgroup.com\/latam\/plantilla-de-plan-de-marketing-digital\/","og_locale":"es_ES","og_type":"article","og_title":"Plantilla de plan de marketing digital - Signalis Group Latam","og_description":"\u00a1Descarga ahora la plantilla de plande marketing digital!Conoce cu\u00e1l es el prop\u00f3sito de tu pyme y crea la estrategia que te permitir\u00e1 dar los pasos seguros en el camino del \u00e9xito.En esta gu\u00eda encontrar\u00e1s cada uno de los aspectos que debes tener en cuenta a la hora de planificar la estrategia de marketing digital de [&hellip;]","og_url":"https:\/\/signalisgroup.com\/latam\/plantilla-de-plan-de-marketing-digital\/","og_site_name":"Signalis Group Latam","article_modified_time":"2024-08-02T22:10:19+00:00","twitter_card":"summary_large_image","schema":{"@context":"https:\/\/schema.org","@graph":[{"@type":"WebPage","@id":"https:\/\/signalisgroup.com\/latam\/plantilla-de-plan-de-marketing-digital\/","url":"https:\/\/signalisgroup.com\/latam\/plantilla-de-plan-de-marketing-digital\/","name":"Plantilla de plan de marketing digital - Signalis Group Latam","isPartOf":{"@id":"https:\/\/signalisgroup.com\/latam\/#website"},"datePublished":"2024-08-02T21:40:35+00:00","dateModified":"2024-08-02T22:10:19+00:00","breadcrumb":{"@id":"https:\/\/signalisgroup.com\/latam\/plantilla-de-plan-de-marketing-digital\/#breadcrumb"},"inLanguage":"es","potentialAction":[{"@type":"ReadAction","target":["https:\/\/signalisgroup.com\/latam\/plantilla-de-plan-de-marketing-digital\/"]}]},{"@type":"BreadcrumbList","@id":"https:\/\/signalisgroup.com\/latam\/plantilla-de-plan-de-marketing-digital\/#breadcrumb","itemListElement":[{"@type":"ListItem","position":1,"name":"Portada","item":"https:\/\/signalisgroup.com\/latam\/"},{"@type":"ListItem","position":2,"name":"Plantilla de plan de marketing digital"}]},{"@type":"WebSite","@id":"https:\/\/signalisgroup.com\/latam\/#website","url":"https:\/\/signalisgroup.com\/latam\/","name":"Signalis Group Latam","description":"Inbound Marketing Agency","potentialAction":[{"@type":"SearchAction","target":{"@type":"EntryPoint","urlTemplate":"https:\/\/signalisgroup.com\/latam\/?s={search_term_string}"},"query-input":{"@type":"PropertyValueSpecification","valueRequired":true,"valueName":"search_term_string"}}],"inLanguage":"es"}]}},"_links":{"self":[{"href":"https:\/\/signalisgroup.com\/latam\/wp-json\/wp\/v2\/pages\/13028","targetHints":{"allow":["GET"]}}],"collection":[{"href":"https:\/\/signalisgroup.com\/latam\/wp-json\/wp\/v2\/pages"}],"about":[{"href":"https:\/\/signalisgroup.com\/latam\/wp-json\/wp\/v2\/types\/page"}],"author":[{"embeddable":true,"href":"https:\/\/signalisgroup.com\/latam\/wp-json\/wp\/v2\/users\/3"}],"replies":[{"embeddable":true,"href":"https:\/\/signalisgroup.com\/latam\/wp-json\/wp\/v2\/comments?post=13028"}],"version-history":[{"count":10,"href":"https:\/\/signalisgroup.com\/latam\/wp-json\/wp\/v2\/pages\/13028\/revisions"}],"predecessor-version":[{"id":13078,"href":"https:\/\/signalisgroup.com\/latam\/wp-json\/wp\/v2\/pages\/13028\/revisions\/13078"}],"wp:attachment":[{"href":"https:\/\/signalisgroup.com\/latam\/wp-json\/wp\/v2\/media?parent=13028"}],"curies":[{"name":"wp","href":"https:\/\/api.w.org\/{rel}","templated":true}]}}