{"id":248,"date":"2021-03-09T23:19:50","date_gmt":"2021-03-09T23:19:50","guid":{"rendered":"https:\/\/lightcoral-quail-614152.hostingersite.com\/latam\/?page_id=248"},"modified":"2025-01-31T21:54:54","modified_gmt":"2025-01-31T21:54:54","slug":"b2b-inbound-marketing-agency","status":"publish","type":"page","link":"https:\/\/signalisgroup.com\/latam\/","title":{"rendered":"Inicio"},"content":{"rendered":"<p>[et_pb_section fb_built=\u00bb1&#8243; next_background_color=\u00bb#ffffff\u00bb _builder_version=\u00bb4.27.0&#8243; _module_preset=\u00bbdefault\u00bb background_color=\u00bb#3D393B\u00bb bottom_divider_style=\u00bbgraph3&#8243; bottom_divider_height=\u00bb46px\u00bb global_colors_info=\u00bb{}\u00bb][et_pb_row _builder_version=\u00bb4.27.0&#8243; _module_preset=\u00bbdefault\u00bb global_colors_info=\u00bb{}\u00bb][et_pb_column type=\u00bb4_4&#8243; _builder_version=\u00bb4.27.0&#8243; _module_preset=\u00bbdefault\u00bb global_colors_info=\u00bb{}\u00bb][et_pb_image src=\u00bbhttps:\/\/lightcoral-quail-614152.hostingersite.com\/latam\/wp-content\/uploads\/2024\/08\/3.png\u00bb title_text=\u00bb3&#8243; align=\u00bbcenter\u00bb _builder_version=\u00bb4.27.0&#8243; _module_preset=\u00bbdefault\u00bb global_colors_info=\u00bb{}\u00bb][\/et_pb_image][et_pb_cta button_url=\u00bb@ET-DC@eyJkeW5hbWljIjp0cnVlLCJjb250ZW50IjoicG9zdF9saW5rX3VybF9wb3N0Iiwic2V0dGluZ3MiOnsicG9zdF9pZCI6IjEzMTE4In19@\u00bb button_text=\u00bbConoce m\u00e1s de EventBuzz\u00bb _builder_version=\u00bb4.27.0&#8243; _dynamic_attributes=\u00bbbutton_url\u00bb _module_preset=\u00bbdefault\u00bb header_text_color=\u00bb#9DCCA6&#8243; body_text_color=\u00bb#FFFFFF\u00bb global_colors_info=\u00bb{}\u00bb]<\/p>\n<p><span style=\"font-weight: 400;\">Soluci\u00f3n de marketing dise\u00f1ada para ayudar a las empresas a optimizar su inversi\u00f3n en ferias comerciales y corporativas.<\/span><\/p>\n<p>[\/et_pb_cta][\/et_pb_column][\/et_pb_row][\/et_pb_section][et_pb_section fb_built=\u00bb1&#8243; admin_label=\u00bbOur Services\u00bb module_id=\u00bbwhat-we-do\u00bb _builder_version=\u00bb4.24.3&#8243; background_enable_color=\u00bboff\u00bb background_enable_image=\u00bboff\u00bb custom_padding=\u00bb25px|0px|22px|0px||\u00bb saved_tabs=\u00bball\u00bb global_colors_info=\u00bb{}\u00bb][et_pb_row admin_label=\u00bbTitle Row\u00bb _builder_version=\u00bb4.17.6&#8243; animation_direction=\u00bbleft\u00bb global_colors_info=\u00bb{}\u00bb][et_pb_column type=\u00bb4_4&#8243; _builder_version=\u00bb4.16&#8243; custom_padding=\u00bb|||\u00bb global_colors_info=\u00bb{}\u00bb custom_padding__hover=\u00bb|||\u00bb][et_pb_text admin_label=\u00bbTitle\u00bb _builder_version=\u00bb4.24.2&#8243; _module_preset=\u00bbdefault\u00bb text_font_size_tablet=\u00bb18px\u00bb text_font_size_phone=\u00bb18px\u00bb text_font_size_last_edited=\u00bbon|phone\u00bb global_colors_info=\u00bb{}\u00bb]<\/p>\n<h2 style=\"text-align: center;\">Servicios<\/h2>\n<p>[\/et_pb_text][\/et_pb_column][\/et_pb_row][et_pb_row column_structure=\u00bb1_3,1_3,1_3&#8243; use_custom_gutter=\u00bbon\u00bb gutter_width=\u00bb2&#8243; admin_label=\u00bbCore Skill\u00bb _builder_version=\u00bb4.24.2&#8243; custom_margin=\u00bb3px|auto||auto||\u00bb animation_direction=\u00bbtop\u00bb global_colors_info=\u00bb{}\u00bb][et_pb_column type=\u00bb1_3&#8243; _builder_version=\u00bb4.16&#8243; custom_padding=\u00bb|||\u00bb global_colors_info=\u00bb{}\u00bb custom_padding__hover=\u00bb|||\u00bb][et_pb_blurb title=\u00bbDise\u00f1o web para empresas pymes\u00bb use_icon=\u00bbon\u00bb font_icon=\u00bb&#xe00e;||divi||400&#8243; admin_label=\u00bbSkill\u00bb _builder_version=\u00bb4.24.2&#8243; _module_preset=\u00bb6e2e9172-b3bf-41ae-8e80-daa65f29654e\u00bb link_option_url=\u00bbhttps:\/\/lightcoral-quail-614152.hostingersite.com\/latam\/inbound-marketing\/#b2b-public-relations\u00bb body_font_size_tablet=\u00bb\u00bb body_font_size_phone=\u00bb\u00bb body_font_size_last_edited=\u00bbon|phone\u00bb image_max_width=\u00bb50px\u00bb global_colors_info=\u00bb{}\u00bb]<\/p>\n<p>Tener un sitio web permite que tus futuros clientes entiendan lo que haces al acceder a informaci\u00f3n clave que requieren para decidirse por tus servicios.<\/p>\n<p>[\/et_pb_blurb][\/et_pb_column][et_pb_column type=\u00bb1_3&#8243; _builder_version=\u00bb4.24.2&#8243; _module_preset=\u00bbdefault\u00bb global_colors_info=\u00bb{}\u00bb][et_pb_blurb title=\u00bbMarketing con redes sociales para pymes\u00bb use_icon=\u00bbon\u00bb font_icon=\u00bb&#x76;||divi||400&#8243; admin_label=\u00bbSkill\u00bb _builder_version=\u00bb4.24.2&#8243; _module_preset=\u00bb6e2e9172-b3bf-41ae-8e80-daa65f29654e\u00bb link_option_url=\u00bbhttps:\/\/lightcoral-quail-614152.hostingersite.com\/latam\/inbound-marketing\/#technical-translation\u00bb image_max_width=\u00bb50px\u00bb global_colors_info=\u00bb{}\u00bb]<\/p>\n<p><span>\u00a1No te asustes! lo que sigue es darle visibilidad a tu negocio. \u00bfYa creaste las redes sociales de tu pyme? \u00bfS\u00ed les est\u00e1s invirtiendo el tiempo que ellas requieren?\u00a0<\/span><\/p>\n<p>[\/et_pb_blurb][\/et_pb_column][et_pb_column type=\u00bb1_3&#8243; _builder_version=\u00bb4.16&#8243; custom_padding=\u00bb|||\u00bb global_colors_info=\u00bb{}\u00bb custom_padding__hover=\u00bb|||\u00bb][et_pb_blurb title=\u00bbCRM para pymes\u00bb use_icon=\u00bbon\u00bb font_icon=\u00bb&#xe107;||divi||400&#8243; admin_label=\u00bbSkill\u00bb _builder_version=\u00bb4.24.2&#8243; _module_preset=\u00bb6e2e9172-b3bf-41ae-8e80-daa65f29654e\u00bb link_option_url=\u00bbhttps:\/\/lightcoral-quail-614152.hostingersite.com\/latam\/inbound-marketing\/#technical-translation\u00bb image_max_width=\u00bb50px\u00bb global_colors_info=\u00bb{}\u00bb]<\/p>\n<p>Gracias a mis campa\u00f1as y esfuerzos digitales, \u00a1ya tengo muchos clientes! Pero\u2026 \u00bfd\u00f3nde guardo toda su informaci\u00f3n? <span>Es hora de que controles las relaciones de negocios con un CRM (Gesti\u00f3n de las Relaciones con los Clientes) para pymes.<\/span><\/p>\n<p>[\/et_pb_blurb][\/et_pb_column][\/et_pb_row][et_pb_row column_structure=\u00bb1_3,1_3,1_3&#8243; admin_label=\u00bbCore Skill\u00bb _builder_version=\u00bb4.16&#8243; custom_margin=\u00bb3px|auto||auto||\u00bb animation_direction=\u00bbtop\u00bb global_colors_info=\u00bb{}\u00bb][et_pb_column type=\u00bb1_3&#8243; _builder_version=\u00bb4.16&#8243; custom_padding=\u00bb|||\u00bb global_colors_info=\u00bb{}\u00bb custom_padding__hover=\u00bb|||\u00bb][et_pb_blurb title=\u00bbPublicidad con Google para pymes\u00bb use_icon=\u00bbon\u00bb font_icon=\u00bb&#xe0e9;||divi||400&#8243; admin_label=\u00bbSkill\u00bb _builder_version=\u00bb4.24.2&#8243; _module_preset=\u00bb6e2e9172-b3bf-41ae-8e80-daa65f29654e\u00bb link_option_url=\u00bbhttps:\/\/lightcoral-quail-614152.hostingersite.com\/latam\/inbound-marketing\/#b2b-public-relations\u00bb image_max_width=\u00bb50px\u00bb global_colors_info=\u00bb{}\u00bb]<\/p>\n<p>Despu\u00e9s de tener tu presencia b\u00e1sica online (sitio web y redes sociales), debes proponerte nuevos objetivos; uno de ellos, y el m\u00e1s popular dentro de los usuarios de internet, es la b\u00fasqueda en Google.<\/p>\n<p>[\/et_pb_blurb][\/et_pb_column][et_pb_column type=\u00bb1_3&#8243; _builder_version=\u00bb4.24.2&#8243; _module_preset=\u00bbdefault\u00bb global_colors_info=\u00bb{}\u00bb][et_pb_blurb title=\u00bbEmail marketing para pymes\u00bb use_icon=\u00bbon\u00bb font_icon=\u00bb&#xe010;||divi||400&#8243; admin_label=\u00bbSkill\u00bb _builder_version=\u00bb4.24.2&#8243; _module_preset=\u00bb6e2e9172-b3bf-41ae-8e80-daa65f29654e\u00bb link_option_url=\u00bbhttps:\/\/lightcoral-quail-614152.hostingersite.com\/latam\/inbound-marketing\/#technical-translation\u00bb image_max_width=\u00bb50px\u00bb global_colors_info=\u00bb{}\u00bb]<\/p>\n<p><span>Muchos afirman que el correo electr\u00f3nico ya est\u00e1 obsoleto; que enviar\u00a0<\/span><i><span>emails<\/span><\/i><span>\u00a0ya no sirve porque las personas no los abren o los desechan f\u00e1cilmente. Pero, \u00bfqu\u00e9 pensar\u00edas si te dijera que esto no es as\u00ed, y que el email marketing es en una alternativa fundamental para las pymes?<\/span><\/p>\n<p>[\/et_pb_blurb][\/et_pb_column][et_pb_column type=\u00bb1_3&#8243; _builder_version=\u00bb4.16&#8243; custom_padding=\u00bb|||\u00bb global_colors_info=\u00bb{}\u00bb custom_padding__hover=\u00bb|||\u00bb][et_pb_blurb title=\u00bbContent marketing strategy para pymes\u00bb use_icon=\u00bbon\u00bb font_icon=\u00bb&#x69;||divi||400&#8243; admin_label=\u00bbSkill\u00bb _builder_version=\u00bb4.24.2&#8243; _module_preset=\u00bb6e2e9172-b3bf-41ae-8e80-daa65f29654e\u00bb link_option_url=\u00bbhttps:\/\/lightcoral-quail-614152.hostingersite.com\/latam\/inbound-marketing\/#technical-translation\u00bb image_max_width=\u00bb50px\u00bb global_colors_info=\u00bb{}\u00bb]<\/p>\n<p><span>\u00a1El contenido lo es todo! S\u00ed, as\u00ed es. Todo contenido que tu pyme desarrolle ser\u00e1 lo que tus futuros clientes conocer\u00e1n sobre ti: historia, objetivos, servicios, ofertas, y cualquier informaci\u00f3n que desees transmitir.\u00a0<\/span><\/p>\n<p>[\/et_pb_blurb][\/et_pb_column][\/et_pb_row][\/et_pb_section][et_pb_section fb_built=\u00bb1&#8243; admin_label=\u00bbHero Section\u00bb _builder_version=\u00bb4.27.0&#8243; background_color=\u00bb#FFFFFF\u00bb background_color_gradient_direction=\u00bb100deg\u00bb background_enable_image=\u00bboff\u00bb background_blend=\u00bbcolor\u00bb custom_padding=\u00bb4.8%||3.7%|||\u00bb top_divider_style=\u00bbasymmetric2&#8243; top_divider_color=\u00bb#9DCCA6&#8243; bottom_divider_color=\u00bb#9DCCA6&#8243; locked=\u00bboff\u00bb global_colors_info=\u00bb{}\u00bb][et_pb_row admin_label=\u00bbHero Area\u00bb _builder_version=\u00bb4.16&#8243; background_size=\u00bbinitial\u00bb background_position=\u00bbtop_left\u00bb background_repeat=\u00bbrepeat\u00bb custom_padding=\u00bb||5px|||\u00bb global_colors_info=\u00bb{}\u00bb][et_pb_column type=\u00bb4_4&#8243; _builder_version=\u00bb4.16&#8243; custom_padding=\u00bb|||\u00bb global_colors_info=\u00bb{}\u00bb custom_padding__hover=\u00bb|||\u00bb][et_pb_cta title=\u00bbEs tiempo de crecer juntos\u00bb button_url=\u00bb@ET-DC@eyJkeW5hbWljIjp0cnVlLCJjb250ZW50IjoicG9zdF9saW5rX3VybF9wYWdlIiwic2V0dGluZ3MiOnsicG9zdF9pZCI6Ijc0MyJ9fQ==@\u00bb button_text=\u00bbCont\u00e1ctanos\u00bb admin_label=\u00bbHero Text\u00bb _builder_version=\u00bb4.27.0&#8243; _dynamic_attributes=\u00bbbutton_url\u00bb button_text_size=\u00bb22px\u00bb button_text_color=\u00bb#FFFFFF\u00bb button_bg_color=\u00bb#3D393B\u00bb button_border_width=\u00bb2px\u00bb button_border_color=\u00bb#3D393B\u00bb button_letter_spacing=\u00bb0px\u00bb button_font=\u00bb||||||||\u00bb button_icon_color=\u00bb#FFFFFF\u00bb global_colors_info=\u00bb{}\u00bb button_text_size__hover_enabled=\u00bbon|desktop\u00bb button_one_text_size__hover_enabled=\u00bboff\u00bb button_two_text_size__hover_enabled=\u00bboff\u00bb button_text_color__hover_enabled=\u00bbon|hover\u00bb button_one_text_color__hover_enabled=\u00bboff\u00bb button_two_text_color__hover_enabled=\u00bboff\u00bb button_border_width__hover_enabled=\u00bboff\u00bb button_one_border_width__hover_enabled=\u00bboff\u00bb button_two_border_width__hover_enabled=\u00bboff\u00bb button_border_color__hover_enabled=\u00bboff\u00bb button_one_border_color__hover_enabled=\u00bboff\u00bb button_two_border_color__hover_enabled=\u00bboff\u00bb button_border_radius__hover_enabled=\u00bboff\u00bb button_one_border_radius__hover_enabled=\u00bboff\u00bb button_two_border_radius__hover_enabled=\u00bboff\u00bb button_letter_spacing__hover_enabled=\u00bbon|hover\u00bb button_one_letter_spacing__hover_enabled=\u00bboff\u00bb button_two_letter_spacing__hover_enabled=\u00bboff\u00bb button_bg_color__hover_enabled=\u00bboff\u00bb button_one_bg_color__hover_enabled=\u00bboff\u00bb button_two_bg_color__hover_enabled=\u00bboff\u00bb button_text_color__hover=\u00bb#9DCCA6&#8243; button_letter_spacing__hover=\u00bb1px\u00bb button_text_size__hover=\u00bb22px\u00bb]<\/p>\n<p><span>Somos la soluci\u00f3n de marketing digital pensada para pymes (peque\u00f1as y medianas empresas) de seguridad, audio\/video, aire acondicionado\/refrigeraci\u00f3n y construcci\u00f3n.<\/span><\/p>\n<p>[\/et_pb_cta][\/et_pb_column][\/et_pb_row][\/et_pb_section]<\/p>\n","protected":false},"excerpt":{"rendered":"<p>Soluci\u00f3n de marketing dise\u00f1ada para ayudar a las empresas a optimizar su inversi\u00f3n en ferias comerciales y corporativas.ServiciosTener un sitio web permite que tus futuros clientes entiendan lo que haces al acceder a informaci\u00f3n clave que requieren para decidirse por tus servicios.\u00a1No te asustes! lo que sigue es darle visibilidad a tu negocio. \u00bfYa creaste [&hellip;]<\/p>\n","protected":false},"author":3,"featured_media":0,"parent":0,"menu_order":0,"comment_status":"closed","ping_status":"closed","template":"","meta":{"_et_pb_use_builder":"on","_et_pb_old_content":"","_et_gb_content_width":"","content-type":"","footnotes":""},"class_list":["post-248","page","type-page","status-publish","hentry"],"yoast_head":"<!-- This site is optimized with the Yoast SEO plugin v26.9 - https:\/\/yoast.com\/product\/yoast-seo-wordpress\/ -->\n<title>B2B Inbound Marketing Agency - Signalis Group Latam<\/title>\n<meta name=\"description\" content=\"Signalis Group is a B2B inbound marketing agency. We serve the electronic security, HVAC, pro-A\/V, and construction industries.\" \/>\n<meta name=\"robots\" content=\"index, follow, max-snippet:-1, max-image-preview:large, max-video-preview:-1\" \/>\n<link rel=\"canonical\" href=\"https:\/\/signalisgroup.com\/latam\/\" \/>\n<meta property=\"og:locale\" content=\"es_ES\" \/>\n<meta property=\"og:type\" content=\"article\" \/>\n<meta property=\"og:title\" content=\"B2B Inbound Marketing Agency - Signalis Group Latam\" \/>\n<meta property=\"og:description\" content=\"Signalis Group is a B2B inbound marketing agency. We serve the electronic security, HVAC, pro-A\/V, and construction industries.\" \/>\n<meta property=\"og:url\" content=\"https:\/\/signalisgroup.com\/latam\/\" \/>\n<meta property=\"og:site_name\" content=\"Signalis Group Latam\" \/>\n<meta property=\"article:modified_time\" content=\"2025-01-31T21:54:54+00:00\" \/>\n<meta name=\"twitter:card\" content=\"summary_large_image\" \/>\n<meta name=\"twitter:label1\" content=\"Tiempo de lectura\" \/>\n\t<meta name=\"twitter:data1\" content=\"4 minutos\" \/>\n<script type=\"application\/ld+json\" class=\"yoast-schema-graph\">{\"@context\":\"https:\/\/schema.org\",\"@graph\":[{\"@type\":\"WebPage\",\"@id\":\"https:\/\/signalisgroup.com\/latam\/\",\"url\":\"https:\/\/signalisgroup.com\/latam\/\",\"name\":\"B2B Inbound Marketing Agency - Signalis Group Latam\",\"isPartOf\":{\"@id\":\"https:\/\/signalisgroup.com\/latam\/#website\"},\"datePublished\":\"2021-03-09T23:19:50+00:00\",\"dateModified\":\"2025-01-31T21:54:54+00:00\",\"description\":\"Signalis Group is a B2B inbound marketing agency. We serve the electronic security, HVAC, pro-A\/V, and construction industries.\",\"breadcrumb\":{\"@id\":\"https:\/\/signalisgroup.com\/latam\/#breadcrumb\"},\"inLanguage\":\"es\",\"potentialAction\":[{\"@type\":\"ReadAction\",\"target\":[\"https:\/\/signalisgroup.com\/latam\/\"]}]},{\"@type\":\"BreadcrumbList\",\"@id\":\"https:\/\/signalisgroup.com\/latam\/#breadcrumb\",\"itemListElement\":[{\"@type\":\"ListItem\",\"position\":1,\"name\":\"Portada\",\"item\":\"https:\/\/signalisgroup.com\/latam\/\"},{\"@type\":\"ListItem\",\"position\":2,\"name\":\"Inicio\"}]},{\"@type\":\"WebSite\",\"@id\":\"https:\/\/signalisgroup.com\/latam\/#website\",\"url\":\"https:\/\/signalisgroup.com\/latam\/\",\"name\":\"Signalis Group Latam\",\"description\":\"Inbound Marketing Agency\",\"potentialAction\":[{\"@type\":\"SearchAction\",\"target\":{\"@type\":\"EntryPoint\",\"urlTemplate\":\"https:\/\/signalisgroup.com\/latam\/?s={search_term_string}\"},\"query-input\":{\"@type\":\"PropertyValueSpecification\",\"valueRequired\":true,\"valueName\":\"search_term_string\"}}],\"inLanguage\":\"es\"}]}<\/script>\n<!-- \/ Yoast SEO plugin. -->","yoast_head_json":{"title":"B2B Inbound Marketing Agency - Signalis Group Latam","description":"Signalis Group is a B2B inbound marketing agency. We serve the electronic security, HVAC, pro-A\/V, and construction industries.","robots":{"index":"index","follow":"follow","max-snippet":"max-snippet:-1","max-image-preview":"max-image-preview:large","max-video-preview":"max-video-preview:-1"},"canonical":"https:\/\/signalisgroup.com\/latam\/","og_locale":"es_ES","og_type":"article","og_title":"B2B Inbound Marketing Agency - Signalis Group Latam","og_description":"Signalis Group is a B2B inbound marketing agency. We serve the electronic security, HVAC, pro-A\/V, and construction industries.","og_url":"https:\/\/signalisgroup.com\/latam\/","og_site_name":"Signalis Group Latam","article_modified_time":"2025-01-31T21:54:54+00:00","twitter_card":"summary_large_image","twitter_misc":{"Tiempo de lectura":"4 minutos"},"schema":{"@context":"https:\/\/schema.org","@graph":[{"@type":"WebPage","@id":"https:\/\/signalisgroup.com\/latam\/","url":"https:\/\/signalisgroup.com\/latam\/","name":"B2B Inbound Marketing Agency - Signalis Group Latam","isPartOf":{"@id":"https:\/\/signalisgroup.com\/latam\/#website"},"datePublished":"2021-03-09T23:19:50+00:00","dateModified":"2025-01-31T21:54:54+00:00","description":"Signalis Group is a B2B inbound marketing agency. We serve the electronic security, HVAC, pro-A\/V, and construction industries.","breadcrumb":{"@id":"https:\/\/signalisgroup.com\/latam\/#breadcrumb"},"inLanguage":"es","potentialAction":[{"@type":"ReadAction","target":["https:\/\/signalisgroup.com\/latam\/"]}]},{"@type":"BreadcrumbList","@id":"https:\/\/signalisgroup.com\/latam\/#breadcrumb","itemListElement":[{"@type":"ListItem","position":1,"name":"Portada","item":"https:\/\/signalisgroup.com\/latam\/"},{"@type":"ListItem","position":2,"name":"Inicio"}]},{"@type":"WebSite","@id":"https:\/\/signalisgroup.com\/latam\/#website","url":"https:\/\/signalisgroup.com\/latam\/","name":"Signalis Group Latam","description":"Inbound Marketing Agency","potentialAction":[{"@type":"SearchAction","target":{"@type":"EntryPoint","urlTemplate":"https:\/\/signalisgroup.com\/latam\/?s={search_term_string}"},"query-input":{"@type":"PropertyValueSpecification","valueRequired":true,"valueName":"search_term_string"}}],"inLanguage":"es"}]}},"_links":{"self":[{"href":"https:\/\/signalisgroup.com\/latam\/wp-json\/wp\/v2\/pages\/248","targetHints":{"allow":["GET"]}}],"collection":[{"href":"https:\/\/signalisgroup.com\/latam\/wp-json\/wp\/v2\/pages"}],"about":[{"href":"https:\/\/signalisgroup.com\/latam\/wp-json\/wp\/v2\/types\/page"}],"author":[{"embeddable":true,"href":"https:\/\/signalisgroup.com\/latam\/wp-json\/wp\/v2\/users\/3"}],"replies":[{"embeddable":true,"href":"https:\/\/signalisgroup.com\/latam\/wp-json\/wp\/v2\/comments?post=248"}],"version-history":[{"count":137,"href":"https:\/\/signalisgroup.com\/latam\/wp-json\/wp\/v2\/pages\/248\/revisions"}],"predecessor-version":[{"id":13372,"href":"https:\/\/signalisgroup.com\/latam\/wp-json\/wp\/v2\/pages\/248\/revisions\/13372"}],"wp:attachment":[{"href":"https:\/\/signalisgroup.com\/latam\/wp-json\/wp\/v2\/media?parent=248"}],"curies":[{"name":"wp","href":"https:\/\/api.w.org\/{rel}","templated":true}]}}