{"id":2623,"date":"2023-05-12T21:37:30","date_gmt":"2023-05-12T21:37:30","guid":{"rendered":"https:\/\/lightcoral-quail-614152.hostingersite.com\/latam\/?page_id=2623"},"modified":"2024-05-01T23:36:04","modified_gmt":"2024-05-01T23:36:04","slug":"diseno-web-para-empresas","status":"publish","type":"page","link":"https:\/\/signalisgroup.com\/latam\/diseno-web-para-empresas\/","title":{"rendered":"Dise\u00f1o web para empresas pymes"},"content":{"rendered":"<p>[et_pb_section fb_built=\u00bb1&#8243; fullwidth=\u00bbon\u00bb next_background_color=\u00bb#ffffff\u00bb admin_label=\u00bbPage Header\u00bb _builder_version=\u00bb4.24.2&#8243; background_color=\u00bb#FFFFFF\u00bb background_image=\u00bbhttps:\/\/lightcoral-quail-614152.hostingersite.com\/latam\/wp-content\/uploads\/2024\/03\/web-designer-planning-790.jpg\u00bb parallax=\u00bbon\u00bb bottom_divider_style=\u00bbgraph4&#8243; global_colors_info=\u00bb{}\u00bb][et_pb_fullwidth_header title=\u00bbDise\u00f1o web para empresas pymes\u00bb admin_label=\u00bbHero Section\u00bb _builder_version=\u00bb4.24.2&#8243; title_font=\u00bb|700|||||||\u00bb title_line_height=\u00bb1.1em\u00bb content_font=\u00bb||||||||\u00bb content_font_size=\u00bb24px\u00bb content_line_height=\u00bb1.3em\u00bb background_enable_color=\u00bboff\u00bb background_color_gradient_stops=\u00bb#9dcca6 1%|rgba(157,204,166,0.79) 97%\u00bb custom_padding=\u00bb||87px|||\u00bb button_one_text_color_hover=\u00bb#6eba01&#8243; button_two_text_color_hover=\u00bb#6eba01&#8243; button_one_border_color_hover=\u00bb#ffffff\u00bb button_two_border_color_hover=\u00bb#ffffff\u00bb button_one_border_radius_hover=\u00bb0&#8243; button_two_border_radius_hover=\u00bb0&#8243; button_one_letter_spacing_hover=\u00bb2&#8243; button_two_letter_spacing_hover=\u00bb2&#8243; button_one_bg_color_hover=\u00bb#ffffff\u00bb button_two_bg_color_hover=\u00bb#ffffff\u00bb global_colors_info=\u00bb{}\u00bb button_one_text_size__hover_enabled=\u00bboff\u00bb button_two_text_size__hover_enabled=\u00bboff\u00bb button_one_border_width__hover_enabled=\u00bboff\u00bb button_two_border_width__hover_enabled=\u00bboff\u00bb]<\/p>\n<p>Internet puede ser tu oportunidad para encontrar nuevos negocios y un buen dise\u00f1o web para empresas. Por ello, es importante que tengas una presencia en la web y as\u00ed dar a conocer los servicios o productos de tu marca. Puedes empezar con un micrositio o una p\u00e1gina web m\u00e1s completa.<\/p>\n<p>[\/et_pb_fullwidth_header][\/et_pb_section][et_pb_section fb_built=\u00bb1&#8243; admin_label=\u00bbContact\u00bb _builder_version=\u00bb4.16&#8243; custom_padding=\u00bb5px||5px||true|false\u00bb saved_tabs=\u00bball\u00bb locked=\u00bboff\u00bb global_colors_info=\u00bb{}\u00bb][et_pb_row _builder_version=\u00bb4.21.0&#8243; _module_preset=\u00bbdefault\u00bb custom_padding=\u00bb3px||3px|||\u00bb global_colors_info=\u00bb{}\u00bb][et_pb_column type=\u00bb4_4&#8243; _builder_version=\u00bb4.21.0&#8243; _module_preset=\u00bbdefault\u00bb global_colors_info=\u00bb{}\u00bb][et_pb_text _builder_version=\u00bb4.24.2&#8243; _module_preset=\u00bbdefault\u00bb global_colors_info=\u00bb{}\u00bb]<\/p>\n<h2>\u00bfC\u00f3mo un sitio web puede ayudar a mi negocio?<\/h2>\n<p>Tener un sitio web permite que tus futuros clientes entiendan lo que haces al acceder a informaci\u00f3n clave que requieren para decidirse por tus servicios. Desde cualquier perspectiva que lo mires, el dise\u00f1o web para empresas es un gran escenario para dar a conocer el mensaje de cualquier empresa.<\/p>\n<p>Tambi\u00e9n es el primer medio al que tienen acceso tus futuros clientes. Por ello es fundamental que cuente con una diagramaci\u00f3n \u00f3ptima y una buena usabilidad para que sea llamativa e invite a la persona a seguir leyendo sobre los servicios o productos que ofrece tu pyme. El sitio web no se crea porque s\u00ed o porque todas las empresas lo tienen. Esto tiene un objetivo: ser el primer canal de informaci\u00f3n del visitante. Todos los datos que incluyas deben dar una noci\u00f3n amplia de lo que haces como empresa y que incentive al usuario a querer hacer negocios con tu pyme.<\/p>\n<p>[\/et_pb_text][et_pb_image src=\u00bbhttps:\/\/lightcoral-quail-614152.hostingersite.com\/latam\/wp-content\/uploads\/2024\/03\/diseno-web-para-pymes.jpg\u00bb title_text=\u00bbdiseno-web-para-pymes\u00bb align=\u00bbcenter\u00bb _builder_version=\u00bb4.24.2&#8243; _module_preset=\u00bbdefault\u00bb custom_margin=\u00bb||50px|||\u00bb global_colors_info=\u00bb{}\u00bb][\/et_pb_image][et_pb_button button_url=\u00bb@ET-DC@eyJkeW5hbWljIjp0cnVlLCJjb250ZW50IjoicG9zdF9saW5rX3VybF9wYWdlIiwic2V0dGluZ3MiOnsicG9zdF9pZCI6Ijc0MyJ9fQ==@\u00bb button_text=\u00bb\u00a1D\u00e9janos ayudarte a posicionar tu marca en internet!\u00bb _builder_version=\u00bb4.25.0&#8243; _dynamic_attributes=\u00bbbutton_url\u00bb _module_preset=\u00bb0097c6cf-3f09-4941-a754-e61c12c725c6&#8243; global_colors_info=\u00bb{}\u00bb][\/et_pb_button][et_pb_text _builder_version=\u00bb4.24.2&#8243; _module_preset=\u00bbdefault\u00bb custom_margin=\u00bb50px||39px|||\u00bb global_colors_info=\u00bb{}\u00bb]<\/p>\n<p>El dise\u00f1o web para empresas puede ayudarte a comenzar tu camino en el posicionamiento digital de tu empresa.<\/p>\n<p>B\u00fasqueda del mejor modelo web para tus necesidades: te ayudaremos a escoger la mejor plataforma que se ajuste a tus prioridades t\u00e9cnicas y profesionales.<\/p>\n<p>Definici\u00f3n de contenidos que necesitas incluir en tu sitio web: por medio de una reuni\u00f3n de planeaci\u00f3n decidiremos contigo sobre qu\u00e9 informaci\u00f3n es importante incluir en el sitio, mapa de sitio, n\u00famero de secciones y recursos a incluir dentro de este.<\/p>\n<p>Creaci\u00f3n y optimizaci\u00f3n de contenidos: si tienes los contenidos, te ayudaremos a optimizarlos para tu sitio (SEO, keywords, hiperv\u00ednculos, entre otros). Si no los tienes, te ayudaremos a crearlos desde cero.<\/p>\n<p>Alineamiento de objetivos: con base en la informaci\u00f3n que nos suministres, podremos crear un modelo transitorio en donde podr\u00e1s sugerir cambios de acuerdo con tus objetivos.<\/p>\n<p>Atenci\u00f3n personalizada para comprender el desarrollo de tu web:siempre contar\u00e1s con nuestro equipo de marketing digital y dise\u00f1o para resolver todas las dudas que tengas y para explicarte el prop\u00f3sito de todo el montaje del sitio web.<\/p>\n<p>Mantenimiento y soporte del sitio: despu\u00e9s de la creaci\u00f3n del sitio web y su respectiva administraci\u00f3n, es importante brindarle mantenimiento cada vez que sea necesario. Contar\u00e1s con nuestro equipo de dise\u00f1o web por si tienes alg\u00fan problema t\u00e9cnico.<\/p>\n<p>[\/et_pb_text][\/et_pb_column][\/et_pb_row][\/et_pb_section][et_pb_section fb_built=\u00bb1&#8243; _builder_version=\u00bb4.25.0&#8243; _module_preset=\u00bbdefault\u00bb background_color=\u00bb#9DCCA6&#8243; custom_padding=\u00bb1.2%||0.3%||false|false\u00bb hover_enabled=\u00bb0&#8243; global_module=\u00bb2763&#8243; saved_tabs=\u00bball\u00bb global_colors_info=\u00bb{}\u00bb sticky_enabled=\u00bb0&#8243;][et_pb_row _builder_version=\u00bb4.21.0&#8243; _module_preset=\u00bbdefault\u00bb custom_padding=\u00bb4px|||||\u00bb global_colors_info=\u00bb{}\u00bb][et_pb_column type=\u00bb4_4&#8243; _builder_version=\u00bb4.21.0&#8243; _module_preset=\u00bbdefault\u00bb global_colors_info=\u00bb{}\u00bb][et_pb_button button_url=\u00bb@ET-DC@eyJkeW5hbWljIjp0cnVlLCJjb250ZW50IjoicG9zdF9saW5rX3VybF9wYWdlIiwic2V0dGluZ3MiOnsicG9zdF9pZCI6Ijc0MyJ9fQ==@\u00bb button_text=\u00bbCont\u00e1ctanos para m\u00e1s informaci\u00f3n\u00bb _builder_version=\u00bb4.25.0&#8243; _dynamic_attributes=\u00bbbutton_url\u00bb _module_preset=\u00bb0097c6cf-3f09-4941-a754-e61c12c725c6&#8243; global_colors_info=\u00bb{}\u00bb][\/et_pb_button][\/et_pb_column][\/et_pb_row][\/et_pb_section]<\/p>\n","protected":false},"excerpt":{"rendered":"<p>Internet puede ser tu oportunidad para encontrar nuevos negocios y un buen dise\u00f1o web para empresas. Por ello, es importante que tengas una presencia en la web y as\u00ed dar a conocer los servicios o productos de tu marca. Puedes empezar con un micrositio o una p\u00e1gina web m\u00e1s completa.\u00bfC\u00f3mo un sitio web puede ayudar [&hellip;]<\/p>\n","protected":false},"author":3,"featured_media":0,"parent":0,"menu_order":0,"comment_status":"closed","ping_status":"closed","template":"","meta":{"_et_pb_use_builder":"on","_et_pb_old_content":"","_et_gb_content_width":"","content-type":"","footnotes":""},"class_list":["post-2623","page","type-page","status-publish","hentry"],"yoast_head":"<!-- This site is optimized with the Yoast SEO plugin v26.9 - https:\/\/yoast.com\/product\/yoast-seo-wordpress\/ -->\n<title>Dise\u00f1o web para empresas pymes - Signalis Group Latam<\/title>\n<meta name=\"robots\" content=\"index, follow, max-snippet:-1, max-image-preview:large, max-video-preview:-1\" \/>\n<link rel=\"canonical\" href=\"https:\/\/signalisgroup.com\/latam\/diseno-web-para-empresas\/\" \/>\n<meta property=\"og:locale\" content=\"es_ES\" \/>\n<meta property=\"og:type\" content=\"article\" \/>\n<meta property=\"og:title\" content=\"Dise\u00f1o web para empresas pymes - Signalis Group Latam\" \/>\n<meta property=\"og:description\" content=\"Internet puede ser tu oportunidad para encontrar nuevos negocios y un buen dise\u00f1o web para empresas. Por ello, es importante que tengas una presencia en la web y as\u00ed dar a conocer los servicios o productos de tu marca. Puedes empezar con un micrositio o una p\u00e1gina web m\u00e1s completa.\u00bfC\u00f3mo un sitio web puede ayudar [&hellip;]\" \/>\n<meta property=\"og:url\" content=\"https:\/\/signalisgroup.com\/latam\/diseno-web-para-empresas\/\" \/>\n<meta property=\"og:site_name\" content=\"Signalis Group Latam\" \/>\n<meta property=\"article:modified_time\" content=\"2024-05-01T23:36:04+00:00\" \/>\n<meta name=\"twitter:card\" content=\"summary_large_image\" \/>\n<script type=\"application\/ld+json\" class=\"yoast-schema-graph\">{\"@context\":\"https:\/\/schema.org\",\"@graph\":[{\"@type\":\"WebPage\",\"@id\":\"https:\/\/signalisgroup.com\/latam\/diseno-web-para-empresas\/\",\"url\":\"https:\/\/signalisgroup.com\/latam\/diseno-web-para-empresas\/\",\"name\":\"Dise\u00f1o web para empresas pymes - Signalis Group Latam\",\"isPartOf\":{\"@id\":\"https:\/\/signalisgroup.com\/latam\/#website\"},\"datePublished\":\"2023-05-12T21:37:30+00:00\",\"dateModified\":\"2024-05-01T23:36:04+00:00\",\"breadcrumb\":{\"@id\":\"https:\/\/signalisgroup.com\/latam\/diseno-web-para-empresas\/#breadcrumb\"},\"inLanguage\":\"es\",\"potentialAction\":[{\"@type\":\"ReadAction\",\"target\":[\"https:\/\/signalisgroup.com\/latam\/diseno-web-para-empresas\/\"]}]},{\"@type\":\"BreadcrumbList\",\"@id\":\"https:\/\/signalisgroup.com\/latam\/diseno-web-para-empresas\/#breadcrumb\",\"itemListElement\":[{\"@type\":\"ListItem\",\"position\":1,\"name\":\"Portada\",\"item\":\"https:\/\/signalisgroup.com\/latam\/\"},{\"@type\":\"ListItem\",\"position\":2,\"name\":\"Dise\u00f1o web para empresas pymes\"}]},{\"@type\":\"WebSite\",\"@id\":\"https:\/\/signalisgroup.com\/latam\/#website\",\"url\":\"https:\/\/signalisgroup.com\/latam\/\",\"name\":\"Signalis Group Latam\",\"description\":\"Inbound Marketing Agency\",\"potentialAction\":[{\"@type\":\"SearchAction\",\"target\":{\"@type\":\"EntryPoint\",\"urlTemplate\":\"https:\/\/signalisgroup.com\/latam\/?s={search_term_string}\"},\"query-input\":{\"@type\":\"PropertyValueSpecification\",\"valueRequired\":true,\"valueName\":\"search_term_string\"}}],\"inLanguage\":\"es\"}]}<\/script>\n<!-- \/ Yoast SEO plugin. -->","yoast_head_json":{"title":"Dise\u00f1o web para empresas pymes - Signalis Group Latam","robots":{"index":"index","follow":"follow","max-snippet":"max-snippet:-1","max-image-preview":"max-image-preview:large","max-video-preview":"max-video-preview:-1"},"canonical":"https:\/\/signalisgroup.com\/latam\/diseno-web-para-empresas\/","og_locale":"es_ES","og_type":"article","og_title":"Dise\u00f1o web para empresas pymes - Signalis Group Latam","og_description":"Internet puede ser tu oportunidad para encontrar nuevos negocios y un buen dise\u00f1o web para empresas. Por ello, es importante que tengas una presencia en la web y as\u00ed dar a conocer los servicios o productos de tu marca. Puedes empezar con un micrositio o una p\u00e1gina web m\u00e1s completa.\u00bfC\u00f3mo un sitio web puede ayudar [&hellip;]","og_url":"https:\/\/signalisgroup.com\/latam\/diseno-web-para-empresas\/","og_site_name":"Signalis Group Latam","article_modified_time":"2024-05-01T23:36:04+00:00","twitter_card":"summary_large_image","schema":{"@context":"https:\/\/schema.org","@graph":[{"@type":"WebPage","@id":"https:\/\/signalisgroup.com\/latam\/diseno-web-para-empresas\/","url":"https:\/\/signalisgroup.com\/latam\/diseno-web-para-empresas\/","name":"Dise\u00f1o web para empresas pymes - Signalis Group Latam","isPartOf":{"@id":"https:\/\/signalisgroup.com\/latam\/#website"},"datePublished":"2023-05-12T21:37:30+00:00","dateModified":"2024-05-01T23:36:04+00:00","breadcrumb":{"@id":"https:\/\/signalisgroup.com\/latam\/diseno-web-para-empresas\/#breadcrumb"},"inLanguage":"es","potentialAction":[{"@type":"ReadAction","target":["https:\/\/signalisgroup.com\/latam\/diseno-web-para-empresas\/"]}]},{"@type":"BreadcrumbList","@id":"https:\/\/signalisgroup.com\/latam\/diseno-web-para-empresas\/#breadcrumb","itemListElement":[{"@type":"ListItem","position":1,"name":"Portada","item":"https:\/\/signalisgroup.com\/latam\/"},{"@type":"ListItem","position":2,"name":"Dise\u00f1o web para empresas pymes"}]},{"@type":"WebSite","@id":"https:\/\/signalisgroup.com\/latam\/#website","url":"https:\/\/signalisgroup.com\/latam\/","name":"Signalis Group Latam","description":"Inbound Marketing Agency","potentialAction":[{"@type":"SearchAction","target":{"@type":"EntryPoint","urlTemplate":"https:\/\/signalisgroup.com\/latam\/?s={search_term_string}"},"query-input":{"@type":"PropertyValueSpecification","valueRequired":true,"valueName":"search_term_string"}}],"inLanguage":"es"}]}},"_links":{"self":[{"href":"https:\/\/signalisgroup.com\/latam\/wp-json\/wp\/v2\/pages\/2623","targetHints":{"allow":["GET"]}}],"collection":[{"href":"https:\/\/signalisgroup.com\/latam\/wp-json\/wp\/v2\/pages"}],"about":[{"href":"https:\/\/signalisgroup.com\/latam\/wp-json\/wp\/v2\/types\/page"}],"author":[{"embeddable":true,"href":"https:\/\/signalisgroup.com\/latam\/wp-json\/wp\/v2\/users\/3"}],"replies":[{"embeddable":true,"href":"https:\/\/signalisgroup.com\/latam\/wp-json\/wp\/v2\/comments?post=2623"}],"version-history":[{"count":24,"href":"https:\/\/signalisgroup.com\/latam\/wp-json\/wp\/v2\/pages\/2623\/revisions"}],"predecessor-version":[{"id":12656,"href":"https:\/\/signalisgroup.com\/latam\/wp-json\/wp\/v2\/pages\/2623\/revisions\/12656"}],"wp:attachment":[{"href":"https:\/\/signalisgroup.com\/latam\/wp-json\/wp\/v2\/media?parent=2623"}],"curies":[{"name":"wp","href":"https:\/\/api.w.org\/{rel}","templated":true}]}}