{"id":2785,"date":"2024-03-29T19:49:40","date_gmt":"2024-03-29T19:49:40","guid":{"rendered":"https:\/\/lightcoral-quail-614152.hostingersite.com\/latam\/?page_id=2785"},"modified":"2024-05-01T23:37:27","modified_gmt":"2024-05-01T23:37:27","slug":"marketing-en-linkedin-para-pymes","status":"publish","type":"page","link":"https:\/\/signalisgroup.com\/latam\/marketing-en-linkedin-para-pymes\/","title":{"rendered":"Marketing en Linkedin para pymes"},"content":{"rendered":"<p>[et_pb_section fb_built=\u00bb1&#8243; fullwidth=\u00bbon\u00bb next_background_color=\u00bb#ffffff\u00bb admin_label=\u00bbPage Header\u00bb _builder_version=\u00bb4.24.2&#8243; background_color=\u00bb#FFFFFF\u00bb background_image=\u00bbhttps:\/\/lightcoral-quail-614152.hostingersite.com\/latam\/wp-content\/uploads\/2024\/03\/Conoce-3-tipos-de-videos-interactivos-para-tu-estrategia-online.jpg\u00bb bottom_divider_style=\u00bbgraph4&#8243; global_colors_info=\u00bb{}\u00bb][et_pb_fullwidth_header title=\u00bbMarketing con Linkedin para pymes\u00bb admin_label=\u00bbHero Section\u00bb _builder_version=\u00bb4.24.2&#8243; title_font=\u00bb|700|||||||\u00bb title_line_height=\u00bb1.1em\u00bb content_font=\u00bb||||||||\u00bb content_font_size=\u00bb24px\u00bb content_line_height=\u00bb1.3em\u00bb background_enable_color=\u00bboff\u00bb background_color_gradient_stops=\u00bb#9dcca6 1%|rgba(157,204,166,0.79) 97%\u00bb custom_padding=\u00bb||87px|||\u00bb button_one_text_color_hover=\u00bb#6eba01&#8243; button_two_text_color_hover=\u00bb#6eba01&#8243; button_one_border_color_hover=\u00bb#ffffff\u00bb button_two_border_color_hover=\u00bb#ffffff\u00bb button_one_border_radius_hover=\u00bb0&#8243; button_two_border_radius_hover=\u00bb0&#8243; button_one_letter_spacing_hover=\u00bb2&#8243; button_two_letter_spacing_hover=\u00bb2&#8243; button_one_bg_color_hover=\u00bb#ffffff\u00bb button_two_bg_color_hover=\u00bb#ffffff\u00bb global_colors_info=\u00bb{}\u00bb button_one_text_size__hover_enabled=\u00bboff\u00bb button_two_text_size__hover_enabled=\u00bboff\u00bb button_one_border_width__hover_enabled=\u00bboff\u00bb button_two_border_width__hover_enabled=\u00bboff\u00bb]<\/p>\n<p><strong>Despu\u00e9s de crear mi sitio web, \u00bfqu\u00e9 sigue?<\/strong><\/p>\n<p>\u00a1No te asustes! Si ya comenzamos nuestro camino de crecimiento online, lo que sigue es darle visibilidad. \u00bfYa creaste las redes sociales de tu pyme? \u00bfS\u00ed les est\u00e1s invirtiendo el tiempo que ellas requieren? El marketing con Linkedin te permitir\u00e1 realizar campa\u00f1as sociales con objetivos puntuales que ayuden en el posicionamiento de tu pyme.<\/p>\n<p>[\/et_pb_fullwidth_header][\/et_pb_section][et_pb_section fb_built=\u00bb1&#8243; admin_label=\u00bbContact\u00bb _builder_version=\u00bb4.16&#8243; custom_padding=\u00bb5px||5px||true|false\u00bb saved_tabs=\u00bball\u00bb locked=\u00bboff\u00bb global_colors_info=\u00bb{}\u00bb][et_pb_row _builder_version=\u00bb4.21.0&#8243; _module_preset=\u00bbdefault\u00bb custom_padding=\u00bb3px||3px|||\u00bb global_colors_info=\u00bb{}\u00bb][et_pb_column type=\u00bb4_4&#8243; _builder_version=\u00bb4.21.0&#8243; _module_preset=\u00bbdefault\u00bb global_colors_info=\u00bb{}\u00bb][et_pb_text _builder_version=\u00bb4.24.2&#8243; _module_preset=\u00bbdefault\u00bb global_colors_info=\u00bb{}\u00bb]<\/p>\n<h2>\u00bfPara qu\u00e9 sirven las redes sociales en mi pyme?<\/h2>\n<p>Facebook, Instagram y LinkedIn son las principales redes sociales del momento y ocupan los primeros lugares en las preferencias de uso. En estas redes puedes fortalecer el branding de tu marca (impresiones), e incluso generar tr\u00e1fico a tu sitio web (PPC), al tiempo que aumentas tu interacci\u00f3n con clientes y seguidores.<\/p>\n<p>Las redes sociales tambi\u00e9n son el canal ideal para mostrar el mensaje de tu marca de manera distinta. Puedes promover tus servicios a trav\u00e9s de un post, publicar videos corporativos, invitaciones a eventos o compartir contenidos de la industria importantes para tus seguidores.<\/p>\n<p>Cuando tienes redes sociales debes entender su prop\u00f3sito. No solo es crearlas porque s\u00ed. El objetivo de estas es crear un espacio entre cliente-seguidores y afianzar la relaci\u00f3n con estos. El hecho de que te sigan ya es un compromiso. Debes compartir contenido \u00fatil que ayude a fortalecer el v\u00ednculo digital y puedes hacerlo a trav\u00e9s del marketing con redes sociales.<\/p>\n<p>[\/et_pb_text][et_pb_image src=\u00bbhttps:\/\/lightcoral-quail-614152.hostingersite.com\/latam\/wp-content\/uploads\/2024\/03\/Marketing-en-redes-sociales-para-pymes2-e1616796360360.jpg\u00bb title_text=\u00bbMarketing-en-redes-sociales-para-pymes2-e1616796360360&#8243; align=\u00bbcenter\u00bb _builder_version=\u00bb4.24.2&#8243; _module_preset=\u00bbdefault\u00bb custom_margin=\u00bb||50px|||\u00bb global_colors_info=\u00bb{}\u00bb][\/et_pb_image][et_pb_button button_url=\u00bb@ET-DC@eyJkeW5hbWljIjp0cnVlLCJjb250ZW50IjoicG9zdF9saW5rX3VybF9wYWdlIiwic2V0dGluZ3MiOnsicG9zdF9pZCI6Ijc0MyJ9fQ==@\u00bb button_text=\u00bb\u00a1D\u00e9janos ayudarte a posicionar tu marca en internet!\u00bb _builder_version=\u00bb4.25.0&#8243; _dynamic_attributes=\u00bbbutton_url\u00bb _module_preset=\u00bb0097c6cf-3f09-4941-a754-e61c12c725c6&#8243; global_colors_info=\u00bb{}\u00bb theme_builder_area=\u00bbpost_content\u00bb][\/et_pb_button][et_pb_text _builder_version=\u00bb4.24.2&#8243; _module_preset=\u00bbdefault\u00bb custom_margin=\u00bb50px||39px|||\u00bb global_colors_info=\u00bb{}\u00bb]<\/p>\n<h2>El marketing con Linkedin para pymes es tu aliado para posicionar tu marca, y te daremos asesor\u00eda en:<\/h2>\n<div class=\"wpb_text_column wpb_content_element  txt-media\">\n<div class=\"wpb_wrapper\">\n<div class=\"contenedor_servicios\">\n<ul>\n<li><strong>Creaci\u00f3n o personalizaci\u00f3n de tu perfil en LinkedIn:<\/strong><span>\u00a0<\/span>tu perfil ser\u00e1 optimizado seg\u00fan la identidad de tu marca, que tenga toda la informaci\u00f3n necesaria y que tus im\u00e1genes de perfil est\u00e9n actualizadas.<\/li>\n<li><strong>Atenci\u00f3n personalizada para comprender la operaci\u00f3n de tus campa\u00f1as:<\/strong><span>\u00a0<\/span>antes de crear las campa\u00f1as, se tendr\u00e1n unas reuniones de planeaci\u00f3n en donde te contaremos c\u00f3mo ser\u00e1 la campa\u00f1a y que conozcas todos los recursos que se utilizar\u00e1n. En el momento que desees, puedes pedir asesor\u00edas para comprender el funcionamiento de tus anuncios.<\/li>\n<li><strong>Creaci\u00f3n de piezas publicitarias que representen correctamente a tu empresa:<\/strong><span>\u00a0<\/span>nuestro equipo de dise\u00f1o gr\u00e1fico desarrollar\u00e1 las piezas de tu campa\u00f1a seg\u00fan el objetivo y enfoque que se decidi\u00f3 en la planeaci\u00f3n.<\/li>\n<li><b>Desarrollo de planes de audiencia, en donde definimos las caracter\u00edsticas demogr\u00e1ficas y personales de tu p\u00fablico objetivo:<\/b><span>\u00a0<\/span>teniendo en cuenta el target de tu audiencia crearemos planes de segmentaci\u00f3n espec\u00edfica que nos ayudar\u00e1n a comprender cu\u00e1l p\u00fablico tiene mejor desempe\u00f1o, para as\u00ed encontrar la combinaci\u00f3n ideal (imagen\/copy) y lograr el objetivo final, que puede ser un lead o la descarga de alg\u00fan material.<\/li>\n<li><strong>Lanzamiento y manejo de tus campa\u00f1as sociales, optimizando regularmente para alcanzar mejores resultados:<\/strong><span>\u00a0<\/span>todos los d\u00edas, nuestro equipo de marketing digital estar\u00e1 revisando el rendimiento de tus anuncios y optimizando seg\u00fan los resultados. El prop\u00f3sito de esta revisi\u00f3n es cuidar la inversi\u00f3n que realizas y obtener los objetivos planteados.<\/li>\n<li><b>Reportes semanales sobre el desempe\u00f1o de tus campa\u00f1as:<span>\u00a0<\/span><\/b>te enviaremos reportes mensuales (o cuando t\u00fa lo desees) con las m\u00e9tricas de funcionamiento de tus campa\u00f1as. En estos documentos ver\u00e1s el comportamiento espec\u00edfico de tus anuncios y componentes esenciales para comprender el marketing digital como son: impresiones, CPC, CPA, entre otras.<\/li>\n<\/ul>\n<ul><\/ul>\n<ul><\/ul>\n<ul><\/ul>\n<\/div>\n<\/div>\n<\/div>\n<p>[\/et_pb_text][\/et_pb_column][\/et_pb_row][\/et_pb_section][et_pb_section fb_built=\u00bb1&#8243; _builder_version=\u00bb4.25.0&#8243; _module_preset=\u00bbdefault\u00bb background_color=\u00bb#9DCCA6&#8243; custom_padding=\u00bb1.2%||0.3%||false|false\u00bb global_module=\u00bb2763&#8243; saved_tabs=\u00bball\u00bb global_colors_info=\u00bb{}\u00bb][et_pb_row _builder_version=\u00bb4.21.0&#8243; _module_preset=\u00bbdefault\u00bb custom_padding=\u00bb4px|||||\u00bb global_colors_info=\u00bb{}\u00bb][et_pb_column type=\u00bb4_4&#8243; _builder_version=\u00bb4.21.0&#8243; _module_preset=\u00bbdefault\u00bb global_colors_info=\u00bb{}\u00bb][et_pb_button button_url=\u00bb@ET-DC@eyJkeW5hbWljIjp0cnVlLCJjb250ZW50IjoicG9zdF9saW5rX3VybF9wYWdlIiwic2V0dGluZ3MiOnsicG9zdF9pZCI6Ijc0MyJ9fQ==@\u00bb button_text=\u00bbCont\u00e1ctanos para m\u00e1s informaci\u00f3n\u00bb _builder_version=\u00bb4.25.0&#8243; _dynamic_attributes=\u00bbbutton_url\u00bb _module_preset=\u00bb0097c6cf-3f09-4941-a754-e61c12c725c6&#8243; global_colors_info=\u00bb{}\u00bb][\/et_pb_button][\/et_pb_column][\/et_pb_row][\/et_pb_section]<\/p>\n","protected":false},"excerpt":{"rendered":"<p>Despu\u00e9s de crear mi sitio web, \u00bfqu\u00e9 sigue? \u00a1No te asustes! Si ya comenzamos nuestro camino de crecimiento online, lo que sigue es darle visibilidad. \u00bfYa creaste las redes sociales de tu pyme? \u00bfS\u00ed les est\u00e1s invirtiendo el tiempo que ellas requieren? El marketing con Linkedin te permitir\u00e1 realizar campa\u00f1as sociales con objetivos puntuales que [&hellip;]<\/p>\n","protected":false},"author":3,"featured_media":0,"parent":0,"menu_order":0,"comment_status":"closed","ping_status":"closed","template":"","meta":{"_et_pb_use_builder":"on","_et_pb_old_content":"","_et_gb_content_width":"","content-type":"","footnotes":""},"class_list":["post-2785","page","type-page","status-publish","hentry"],"yoast_head":"<!-- This site is optimized with the Yoast SEO plugin v27.4 - https:\/\/yoast.com\/product\/yoast-seo-wordpress\/ -->\n<title>Marketing en Linkedin para pymes - Signalis Group Latam<\/title>\n<meta name=\"robots\" content=\"index, follow, max-snippet:-1, max-image-preview:large, max-video-preview:-1\" \/>\n<link rel=\"canonical\" href=\"https:\/\/lightcoral-quail-614152.hostingersite.com\/latam\/marketing-en-linkedin-para-pymes\/\" \/>\n<meta property=\"og:locale\" content=\"es_ES\" \/>\n<meta property=\"og:type\" content=\"article\" \/>\n<meta property=\"og:title\" content=\"Marketing en Linkedin para pymes - Signalis Group Latam\" \/>\n<meta property=\"og:description\" content=\"Despu\u00e9s de crear mi sitio web, \u00bfqu\u00e9 sigue? \u00a1No te asustes! Si ya comenzamos nuestro camino de crecimiento online, lo que sigue es darle visibilidad. \u00bfYa creaste las redes sociales de tu pyme? \u00bfS\u00ed les est\u00e1s invirtiendo el tiempo que ellas requieren? El marketing con Linkedin te permitir\u00e1 realizar campa\u00f1as sociales con objetivos puntuales que [&hellip;]\" \/>\n<meta property=\"og:url\" content=\"https:\/\/lightcoral-quail-614152.hostingersite.com\/latam\/marketing-en-linkedin-para-pymes\/\" \/>\n<meta property=\"og:site_name\" content=\"Signalis Group Latam\" \/>\n<meta property=\"article:modified_time\" content=\"2024-05-01T23:37:27+00:00\" \/>\n<meta name=\"twitter:card\" content=\"summary_large_image\" \/>\n<script type=\"application\/ld+json\" class=\"yoast-schema-graph\">{\"@context\":\"https:\\\/\\\/schema.org\",\"@graph\":[{\"@type\":\"WebPage\",\"@id\":\"https:\\\/\\\/lightcoral-quail-614152.hostingersite.com\\\/latam\\\/marketing-en-linkedin-para-pymes\\\/\",\"url\":\"https:\\\/\\\/lightcoral-quail-614152.hostingersite.com\\\/latam\\\/marketing-en-linkedin-para-pymes\\\/\",\"name\":\"Marketing en Linkedin para pymes - Signalis Group Latam\",\"isPartOf\":{\"@id\":\"https:\\\/\\\/signalisgroup.com\\\/latam\\\/#website\"},\"datePublished\":\"2024-03-29T19:49:40+00:00\",\"dateModified\":\"2024-05-01T23:37:27+00:00\",\"breadcrumb\":{\"@id\":\"https:\\\/\\\/lightcoral-quail-614152.hostingersite.com\\\/latam\\\/marketing-en-linkedin-para-pymes\\\/#breadcrumb\"},\"inLanguage\":\"es\",\"potentialAction\":[{\"@type\":\"ReadAction\",\"target\":[\"https:\\\/\\\/lightcoral-quail-614152.hostingersite.com\\\/latam\\\/marketing-en-linkedin-para-pymes\\\/\"]}]},{\"@type\":\"BreadcrumbList\",\"@id\":\"https:\\\/\\\/lightcoral-quail-614152.hostingersite.com\\\/latam\\\/marketing-en-linkedin-para-pymes\\\/#breadcrumb\",\"itemListElement\":[{\"@type\":\"ListItem\",\"position\":1,\"name\":\"Portada\",\"item\":\"https:\\\/\\\/signalisgroup.com\\\/latam\\\/\"},{\"@type\":\"ListItem\",\"position\":2,\"name\":\"Marketing en Linkedin para pymes\"}]},{\"@type\":\"WebSite\",\"@id\":\"https:\\\/\\\/signalisgroup.com\\\/latam\\\/#website\",\"url\":\"https:\\\/\\\/signalisgroup.com\\\/latam\\\/\",\"name\":\"Signalis Group Latam\",\"description\":\"Inbound Marketing Agency\",\"potentialAction\":[{\"@type\":\"SearchAction\",\"target\":{\"@type\":\"EntryPoint\",\"urlTemplate\":\"https:\\\/\\\/signalisgroup.com\\\/latam\\\/?s={search_term_string}\"},\"query-input\":{\"@type\":\"PropertyValueSpecification\",\"valueRequired\":true,\"valueName\":\"search_term_string\"}}],\"inLanguage\":\"es\"}]}<\/script>\n<!-- \/ Yoast SEO plugin. -->","yoast_head_json":{"title":"Marketing en Linkedin para pymes - Signalis Group Latam","robots":{"index":"index","follow":"follow","max-snippet":"max-snippet:-1","max-image-preview":"max-image-preview:large","max-video-preview":"max-video-preview:-1"},"canonical":"https:\/\/lightcoral-quail-614152.hostingersite.com\/latam\/marketing-en-linkedin-para-pymes\/","og_locale":"es_ES","og_type":"article","og_title":"Marketing en Linkedin para pymes - Signalis Group Latam","og_description":"Despu\u00e9s de crear mi sitio web, \u00bfqu\u00e9 sigue? \u00a1No te asustes! Si ya comenzamos nuestro camino de crecimiento online, lo que sigue es darle visibilidad. \u00bfYa creaste las redes sociales de tu pyme? \u00bfS\u00ed les est\u00e1s invirtiendo el tiempo que ellas requieren? El marketing con Linkedin te permitir\u00e1 realizar campa\u00f1as sociales con objetivos puntuales que [&hellip;]","og_url":"https:\/\/lightcoral-quail-614152.hostingersite.com\/latam\/marketing-en-linkedin-para-pymes\/","og_site_name":"Signalis Group Latam","article_modified_time":"2024-05-01T23:37:27+00:00","twitter_card":"summary_large_image","schema":{"@context":"https:\/\/schema.org","@graph":[{"@type":"WebPage","@id":"https:\/\/lightcoral-quail-614152.hostingersite.com\/latam\/marketing-en-linkedin-para-pymes\/","url":"https:\/\/lightcoral-quail-614152.hostingersite.com\/latam\/marketing-en-linkedin-para-pymes\/","name":"Marketing en Linkedin para pymes - Signalis Group Latam","isPartOf":{"@id":"https:\/\/signalisgroup.com\/latam\/#website"},"datePublished":"2024-03-29T19:49:40+00:00","dateModified":"2024-05-01T23:37:27+00:00","breadcrumb":{"@id":"https:\/\/lightcoral-quail-614152.hostingersite.com\/latam\/marketing-en-linkedin-para-pymes\/#breadcrumb"},"inLanguage":"es","potentialAction":[{"@type":"ReadAction","target":["https:\/\/lightcoral-quail-614152.hostingersite.com\/latam\/marketing-en-linkedin-para-pymes\/"]}]},{"@type":"BreadcrumbList","@id":"https:\/\/lightcoral-quail-614152.hostingersite.com\/latam\/marketing-en-linkedin-para-pymes\/#breadcrumb","itemListElement":[{"@type":"ListItem","position":1,"name":"Portada","item":"https:\/\/signalisgroup.com\/latam\/"},{"@type":"ListItem","position":2,"name":"Marketing en Linkedin para pymes"}]},{"@type":"WebSite","@id":"https:\/\/signalisgroup.com\/latam\/#website","url":"https:\/\/signalisgroup.com\/latam\/","name":"Signalis Group Latam","description":"Inbound Marketing Agency","potentialAction":[{"@type":"SearchAction","target":{"@type":"EntryPoint","urlTemplate":"https:\/\/signalisgroup.com\/latam\/?s={search_term_string}"},"query-input":{"@type":"PropertyValueSpecification","valueRequired":true,"valueName":"search_term_string"}}],"inLanguage":"es"}]}},"_hostinger_reach_plugin_has_subscription_block":false,"_hostinger_reach_plugin_is_elementor":false,"_links":{"self":[{"href":"https:\/\/signalisgroup.com\/latam\/wp-json\/wp\/v2\/pages\/2785","targetHints":{"allow":["GET"]}}],"collection":[{"href":"https:\/\/signalisgroup.com\/latam\/wp-json\/wp\/v2\/pages"}],"about":[{"href":"https:\/\/signalisgroup.com\/latam\/wp-json\/wp\/v2\/types\/page"}],"author":[{"embeddable":true,"href":"https:\/\/signalisgroup.com\/latam\/wp-json\/wp\/v2\/users\/3"}],"replies":[{"embeddable":true,"href":"https:\/\/signalisgroup.com\/latam\/wp-json\/wp\/v2\/comments?post=2785"}],"version-history":[{"count":5,"href":"https:\/\/signalisgroup.com\/latam\/wp-json\/wp\/v2\/pages\/2785\/revisions"}],"predecessor-version":[{"id":12657,"href":"https:\/\/signalisgroup.com\/latam\/wp-json\/wp\/v2\/pages\/2785\/revisions\/12657"}],"wp:attachment":[{"href":"https:\/\/signalisgroup.com\/latam\/wp-json\/wp\/v2\/media?parent=2785"}],"curies":[{"name":"wp","href":"https:\/\/api.w.org\/{rel}","templated":true}]}}