{"id":2792,"date":"2024-03-29T20:12:59","date_gmt":"2024-03-29T20:12:59","guid":{"rendered":"https:\/\/lightcoral-quail-614152.hostingersite.com\/latam\/?page_id=2792"},"modified":"2024-05-01T23:38:27","modified_gmt":"2024-05-01T23:38:27","slug":"publicidad-con-google-para-pymes","status":"publish","type":"page","link":"https:\/\/signalisgroup.com\/latam\/publicidad-con-google-para-pymes\/","title":{"rendered":"Publicidad con Google para pymes"},"content":{"rendered":"<p>[et_pb_section fb_built=\u00bb1&#8243; fullwidth=\u00bbon\u00bb next_background_color=\u00bb#ffffff\u00bb admin_label=\u00bbPage Header\u00bb _builder_version=\u00bb4.24.2&#8243; background_color=\u00bb#FFFFFF\u00bb background_image=\u00bbhttps:\/\/lightcoral-quail-614152.hostingersite.com\/latam\/wp-content\/uploads\/2024\/03\/Conoce-3-tipos-de-videos-interactivos-para-tu-estrategia-online.jpg\u00bb bottom_divider_style=\u00bbgraph4&#8243; global_colors_info=\u00bb{}\u00bb][et_pb_fullwidth_header title=\u00bbPublicidad con Google para pymes\u00bb admin_label=\u00bbHero Section\u00bb _builder_version=\u00bb4.24.2&#8243; title_font=\u00bb|700|||||||\u00bb title_line_height=\u00bb1.1em\u00bb content_font=\u00bb||||||||\u00bb content_font_size=\u00bb24px\u00bb content_line_height=\u00bb1.3em\u00bb background_enable_color=\u00bboff\u00bb background_color_gradient_stops=\u00bb#9dcca6 1%|rgba(157,204,166,0.79) 97%\u00bb custom_padding=\u00bb||87px|||\u00bb button_one_text_color_hover=\u00bb#6eba01&#8243; button_two_text_color_hover=\u00bb#6eba01&#8243; button_one_border_color_hover=\u00bb#ffffff\u00bb button_two_border_color_hover=\u00bb#ffffff\u00bb button_one_border_radius_hover=\u00bb0&#8243; button_two_border_radius_hover=\u00bb0&#8243; button_one_letter_spacing_hover=\u00bb2&#8243; button_two_letter_spacing_hover=\u00bb2&#8243; button_one_bg_color_hover=\u00bb#ffffff\u00bb button_two_bg_color_hover=\u00bb#ffffff\u00bb global_colors_info=\u00bb{}\u00bb button_one_text_size__hover_enabled=\u00bboff\u00bb button_two_text_size__hover_enabled=\u00bboff\u00bb button_one_border_width__hover_enabled=\u00bboff\u00bb button_two_border_width__hover_enabled=\u00bboff\u00bb]<\/p>\n<p>Ya mi pyme abri\u00f3 su espacio en internet y en las redes sociales: \u00a1quiero m\u00e1s presencia! \u00a1Google es mi l\u00edmite!<\/p>\n<p>[\/et_pb_fullwidth_header][\/et_pb_section][et_pb_section fb_built=\u00bb1&#8243; admin_label=\u00bbContact\u00bb _builder_version=\u00bb4.16&#8243; custom_padding=\u00bb5px||5px||true|false\u00bb saved_tabs=\u00bball\u00bb locked=\u00bboff\u00bb global_colors_info=\u00bb{}\u00bb][et_pb_row _builder_version=\u00bb4.21.0&#8243; _module_preset=\u00bbdefault\u00bb custom_padding=\u00bb3px||3px|||\u00bb global_colors_info=\u00bb{}\u00bb][et_pb_column type=\u00bb4_4&#8243; _builder_version=\u00bb4.21.0&#8243; _module_preset=\u00bbdefault\u00bb global_colors_info=\u00bb{}\u00bb][et_pb_text _builder_version=\u00bb4.24.2&#8243; _module_preset=\u00bbdefault\u00bb global_colors_info=\u00bb{}\u00bb]<\/p>\n<p>Perfecto, como t\u00fa decidas. Despu\u00e9s de tener tu presencia b\u00e1sica online (sitio web y redes sociales), debes proponerte nuevos objetivos; uno de ellos, y el m\u00e1s popular dentro de los usuarios de internet, es la b\u00fasqueda en Google.<\/p>\n<p>La publicidad con Google para pymes permite desarrollar campa\u00f1as en este buscador y que tu marca aparezca en los primeros lugares de la secci\u00f3n patrocinada cuando uno de tus clientes potenciales est\u00e9 buscando por productos como los que tu marca ofrece. Esto es lo que se conoce como campa\u00f1as de Pago Por Click (PPC).<\/p>\n<p>[\/et_pb_text][et_pb_button button_url=\u00bb@ET-DC@eyJkeW5hbWljIjp0cnVlLCJjb250ZW50IjoicG9zdF9saW5rX3VybF9wYWdlIiwic2V0dGluZ3MiOnsicG9zdF9pZCI6Ijc0MyJ9fQ==@\u00bb button_text=\u00bb\u00a1D\u00e9janos ayudarte a posicionar tu marca en internet!\u00bb _builder_version=\u00bb4.25.0&#8243; _dynamic_attributes=\u00bbbutton_url\u00bb _module_preset=\u00bb0097c6cf-3f09-4941-a754-e61c12c725c6&#8243; global_colors_info=\u00bb{}\u00bb theme_builder_area=\u00bbpost_content\u00bb][\/et_pb_button][et_pb_text _builder_version=\u00bb4.24.2&#8243; _module_preset=\u00bbdefault\u00bb custom_margin=\u00bb50px||39px|||\u00bb global_colors_info=\u00bb{}\u00bb]<\/p>\n<h2>Para la publicidad con Google para pymes te ofrecemos:<\/h2>\n<ul>\n<li>Creaci\u00f3n de campa\u00f1as en el buscador de Google: Dise\u00f1aremos tus campa\u00f1as en la escritura creativa de copys, headlines, segmentaci\u00f3n de anuncios y optimizaci\u00f3n seg\u00fan los objetivos que se planteen.<\/li>\n<li>Atenci\u00f3n personalizada para comprender la operaci\u00f3n de tus campa\u00f1as: optimizaci\u00f3n diaria en las campa\u00f1as. Se monitorea el funcionamiento de estas y se realizan cambios dependiendo de c\u00f3mo se est\u00e9n comportando las pujas en internet y el enfoque que se quiera brindar.<\/li>\n<li>Reportes de tus campa\u00f1as de manera oportuna: te enviaremos reportes mensuales (o cuando t\u00fa lo desees) con las m\u00e9tricas de funcionamiento de tus campa\u00f1as. En estos documentos ver\u00e1s el comportamiento espec\u00edfico de tus anuncios y componentes esenciales para comprender el marketing digital, como son: impresiones, CPC, CPA, entre otras.<\/li>\n<\/ul>\n<p>[\/et_pb_text][et_pb_text _builder_version=\u00bb4.24.2&#8243; _module_preset=\u00bbdefault\u00bb custom_margin=\u00bb35px||39px|||\u00bb global_colors_info=\u00bb{}\u00bb]<\/p>\n<h2 class=\"vc_custom_heading title_h2 wpb_animate_when_almost_visible wpb_fadeInDown fadeInDown wpb_start_animation animated\">Quiero explorar m\u00e1s opciones que me brinda Google<\/h2>\n<p>Aunque no lo creas, tu pyme tiene m\u00e1s opciones para visibilizarse en Google. Es posible posicionar tu marca en una gran variedad de sitios a trav\u00e9s de internet. Con este formato, a diferencia de la red de b\u00fasquedas de Google, puedes usar im\u00e1genes, incluso video, para cautivar a clientes potenciales de tu marca que est\u00e1n navegando en la web.<\/p>\n<p>[\/et_pb_text][et_pb_text _builder_version=\u00bb4.24.2&#8243; _module_preset=\u00bbdefault\u00bb custom_margin=\u00bb50px||39px|||\u00bb global_colors_info=\u00bb{}\u00bb]<\/p>\n<h2 class=\"vc_custom_heading title_h2 wpb_animate_when_almost_visible wpb_fadeInDown fadeInDown wpb_start_animation animated\">\u00bfQu\u00e9 ventajas tiene mi pyme con esta opci\u00f3n?<\/h2>\n<p>En pocas palabras, es como tener anuncios de tu empresa en una valla o programa de televisi\u00f3n, pero a una fracci\u00f3n del costo. La publicidad con Google para pymes es una gran ventaja, ya que puedes identificar y escoger los sitios en donde quieres mostrar tu anuncio. Eso significa mejor segmentaci\u00f3n y m\u00e1s clientes ideales.<\/p>\n<p>Adem\u00e1s, con los anuncios tipo display puedes elegir pagar por click (PPC) o por cada 1000 impresiones de tu anuncio (CPM).<\/p>\n<p>Los anuncios en Google Ads te brindan la posibilidad de mostrar tu pyme al p\u00fablico objetivo que quieras, gracias a la implementaci\u00f3n de keywords o palabras claves. Estas palabras son esenciales a la hora del posicionamiento web de tu anuncio. Entre m\u00e1s combinaciones certeras existan, m\u00e1s posibilidades hay de que tu anuncio se muestre m\u00e1s.<\/p>\n<p>[\/et_pb_text][et_pb_text _builder_version=\u00bb4.24.2&#8243; _module_preset=\u00bbdefault\u00bb custom_margin=\u00bb50px||39px|||\u00bb global_colors_info=\u00bb{}\u00bb]<\/p>\n<h2 class=\"vc_custom_heading title_h2 wpb_animate_when_almost_visible wpb_fadeInDown fadeInDown wpb_start_animation animated\"><b>Publicidad con Google Ads para pymes<span>\u00a0<\/span><\/b><span>puede ser tu opci\u00f3n para:<\/span><\/h2>\n<ul>\n<li>Dise\u00f1o y montaje de campa\u00f1as en la cuenta de Google Ads asociada a tu negocio (si no tienes una cuenta, nosotros la creamos por ti): despu\u00e9s de crear tu cuenta en Google Ads, te mostraremos c\u00f3mo funciona y montaremos tus campa\u00f1as seg\u00fan el enfoque que decidas.<\/li>\n<li>Atenci\u00f3n personalizada para comprender la operaci\u00f3n de tus campa\u00f1as: en el momento que lo solicites, nuestro equipo de marketing digital te contactar\u00e1 para explicarte de manera detallada el funcionamiento de tus anuncios. As\u00ed mismo, se optimizaran los anuncios que no tengan el rendimiento ideal, o se eliminar\u00e1n en el caso que sea necesario.<\/li>\n<li>Ubicaci\u00f3n en sitios ideales para mostrar los anuncios: a trav\u00e9s de la plataforma y de un buen ejercicio de generaci\u00f3n de palabras claves o keywords (este se realizar\u00e1 previamente contigo y el equipo de Pymes Go Digial) se ubicar\u00e1n los anuncios en los sitios ideales que tu pyme necesite. Recuerda tener muy claro tu objetivo para ayudarte de la mejor manera posible.<\/li>\n<li>Optimizaci\u00f3n constante para obtener los mejores resultados: todos los d\u00edas nuestro equipo revisar\u00e1 y optimizar\u00e1 tus anuncios para lograr el mejor desempe\u00f1o.<\/li>\n<li>Dise\u00f1o de campa\u00f1as de remarketing: las campa\u00f1as de remarketing son aquellas que se realizan cuando alguna persona vio tu anuncio, hizo clic pero realiz\u00f3 la acci\u00f3n de dejar los datos. Este recurso permite escoger estas personas y enviarles el contenido apropiado seg\u00fan el buyer\u00b4s journey en el que se encuentren.<\/li>\n<li>Resultados de tus campa\u00f1as de manera oportuna: cada mes te enviaremos un reporte mensual con el desempe\u00f1o de tus anuncios y analizaremos acciones a mejorar para la pr\u00f3xima campa\u00f1a.<\/li>\n<\/ul>\n<p>[\/et_pb_text][\/et_pb_column][\/et_pb_row][\/et_pb_section][et_pb_section fb_built=\u00bb1&#8243; _builder_version=\u00bb4.25.0&#8243; _module_preset=\u00bbdefault\u00bb background_color=\u00bb#9DCCA6&#8243; custom_padding=\u00bb1.2%||0.3%||false|false\u00bb global_module=\u00bb2763&#8243; saved_tabs=\u00bball\u00bb global_colors_info=\u00bb{}\u00bb][et_pb_row _builder_version=\u00bb4.21.0&#8243; _module_preset=\u00bbdefault\u00bb custom_padding=\u00bb4px|||||\u00bb global_colors_info=\u00bb{}\u00bb][et_pb_column type=\u00bb4_4&#8243; _builder_version=\u00bb4.21.0&#8243; _module_preset=\u00bbdefault\u00bb global_colors_info=\u00bb{}\u00bb][et_pb_button button_url=\u00bb@ET-DC@eyJkeW5hbWljIjp0cnVlLCJjb250ZW50IjoicG9zdF9saW5rX3VybF9wYWdlIiwic2V0dGluZ3MiOnsicG9zdF9pZCI6Ijc0MyJ9fQ==@\u00bb button_text=\u00bbCont\u00e1ctanos para m\u00e1s informaci\u00f3n\u00bb _builder_version=\u00bb4.25.0&#8243; _dynamic_attributes=\u00bbbutton_url\u00bb _module_preset=\u00bb0097c6cf-3f09-4941-a754-e61c12c725c6&#8243; global_colors_info=\u00bb{}\u00bb][\/et_pb_button][\/et_pb_column][\/et_pb_row][\/et_pb_section]<\/p>\n","protected":false},"excerpt":{"rendered":"<p>Ya mi pyme abri\u00f3 su espacio en internet y en las redes sociales: \u00a1quiero m\u00e1s presencia! \u00a1Google es mi l\u00edmite!Perfecto, como t\u00fa decidas. Despu\u00e9s de tener tu presencia b\u00e1sica online (sitio web y redes sociales), debes proponerte nuevos objetivos; uno de ellos, y el m\u00e1s popular dentro de los usuarios de internet, es la b\u00fasqueda [&hellip;]<\/p>\n","protected":false},"author":3,"featured_media":0,"parent":0,"menu_order":0,"comment_status":"closed","ping_status":"closed","template":"","meta":{"_et_pb_use_builder":"on","_et_pb_old_content":"","_et_gb_content_width":"","content-type":"","footnotes":""},"class_list":["post-2792","page","type-page","status-publish","hentry"],"yoast_head":"<!-- This site is optimized with the Yoast SEO plugin v27.4 - https:\/\/yoast.com\/product\/yoast-seo-wordpress\/ -->\n<title>Publicidad con Google para pymes - Signalis Group Latam<\/title>\n<meta name=\"robots\" content=\"index, follow, max-snippet:-1, max-image-preview:large, max-video-preview:-1\" \/>\n<link rel=\"canonical\" href=\"https:\/\/signalisgroup.com\/latam\/publicidad-con-google-para-pymes\/\" \/>\n<meta property=\"og:locale\" content=\"es_ES\" \/>\n<meta property=\"og:type\" content=\"article\" \/>\n<meta property=\"og:title\" content=\"Publicidad con Google para pymes - Signalis Group Latam\" \/>\n<meta property=\"og:description\" content=\"Ya mi pyme abri\u00f3 su espacio en internet y en las redes sociales: \u00a1quiero m\u00e1s presencia! \u00a1Google es mi l\u00edmite!Perfecto, como t\u00fa decidas. Despu\u00e9s de tener tu presencia b\u00e1sica online (sitio web y redes sociales), debes proponerte nuevos objetivos; uno de ellos, y el m\u00e1s popular dentro de los usuarios de internet, es la b\u00fasqueda [&hellip;]\" \/>\n<meta property=\"og:url\" content=\"https:\/\/signalisgroup.com\/latam\/publicidad-con-google-para-pymes\/\" \/>\n<meta property=\"og:site_name\" content=\"Signalis Group Latam\" \/>\n<meta property=\"article:modified_time\" content=\"2024-05-01T23:38:27+00:00\" \/>\n<meta name=\"twitter:card\" content=\"summary_large_image\" \/>\n<script type=\"application\/ld+json\" class=\"yoast-schema-graph\">{\"@context\":\"https:\\\/\\\/schema.org\",\"@graph\":[{\"@type\":\"WebPage\",\"@id\":\"https:\\\/\\\/signalisgroup.com\\\/latam\\\/publicidad-con-google-para-pymes\\\/\",\"url\":\"https:\\\/\\\/signalisgroup.com\\\/latam\\\/publicidad-con-google-para-pymes\\\/\",\"name\":\"Publicidad con Google para pymes - Signalis Group Latam\",\"isPartOf\":{\"@id\":\"https:\\\/\\\/signalisgroup.com\\\/latam\\\/#website\"},\"datePublished\":\"2024-03-29T20:12:59+00:00\",\"dateModified\":\"2024-05-01T23:38:27+00:00\",\"breadcrumb\":{\"@id\":\"https:\\\/\\\/signalisgroup.com\\\/latam\\\/publicidad-con-google-para-pymes\\\/#breadcrumb\"},\"inLanguage\":\"es\",\"potentialAction\":[{\"@type\":\"ReadAction\",\"target\":[\"https:\\\/\\\/signalisgroup.com\\\/latam\\\/publicidad-con-google-para-pymes\\\/\"]}]},{\"@type\":\"BreadcrumbList\",\"@id\":\"https:\\\/\\\/signalisgroup.com\\\/latam\\\/publicidad-con-google-para-pymes\\\/#breadcrumb\",\"itemListElement\":[{\"@type\":\"ListItem\",\"position\":1,\"name\":\"Portada\",\"item\":\"https:\\\/\\\/signalisgroup.com\\\/latam\\\/\"},{\"@type\":\"ListItem\",\"position\":2,\"name\":\"Publicidad con Google para pymes\"}]},{\"@type\":\"WebSite\",\"@id\":\"https:\\\/\\\/signalisgroup.com\\\/latam\\\/#website\",\"url\":\"https:\\\/\\\/signalisgroup.com\\\/latam\\\/\",\"name\":\"Signalis Group Latam\",\"description\":\"Inbound Marketing Agency\",\"potentialAction\":[{\"@type\":\"SearchAction\",\"target\":{\"@type\":\"EntryPoint\",\"urlTemplate\":\"https:\\\/\\\/signalisgroup.com\\\/latam\\\/?s={search_term_string}\"},\"query-input\":{\"@type\":\"PropertyValueSpecification\",\"valueRequired\":true,\"valueName\":\"search_term_string\"}}],\"inLanguage\":\"es\"}]}<\/script>\n<!-- \/ Yoast SEO plugin. -->","yoast_head_json":{"title":"Publicidad con Google para pymes - Signalis Group Latam","robots":{"index":"index","follow":"follow","max-snippet":"max-snippet:-1","max-image-preview":"max-image-preview:large","max-video-preview":"max-video-preview:-1"},"canonical":"https:\/\/signalisgroup.com\/latam\/publicidad-con-google-para-pymes\/","og_locale":"es_ES","og_type":"article","og_title":"Publicidad con Google para pymes - Signalis Group Latam","og_description":"Ya mi pyme abri\u00f3 su espacio en internet y en las redes sociales: \u00a1quiero m\u00e1s presencia! \u00a1Google es mi l\u00edmite!Perfecto, como t\u00fa decidas. Despu\u00e9s de tener tu presencia b\u00e1sica online (sitio web y redes sociales), debes proponerte nuevos objetivos; uno de ellos, y el m\u00e1s popular dentro de los usuarios de internet, es la b\u00fasqueda [&hellip;]","og_url":"https:\/\/signalisgroup.com\/latam\/publicidad-con-google-para-pymes\/","og_site_name":"Signalis Group Latam","article_modified_time":"2024-05-01T23:38:27+00:00","twitter_card":"summary_large_image","schema":{"@context":"https:\/\/schema.org","@graph":[{"@type":"WebPage","@id":"https:\/\/signalisgroup.com\/latam\/publicidad-con-google-para-pymes\/","url":"https:\/\/signalisgroup.com\/latam\/publicidad-con-google-para-pymes\/","name":"Publicidad con Google para pymes - Signalis Group Latam","isPartOf":{"@id":"https:\/\/signalisgroup.com\/latam\/#website"},"datePublished":"2024-03-29T20:12:59+00:00","dateModified":"2024-05-01T23:38:27+00:00","breadcrumb":{"@id":"https:\/\/signalisgroup.com\/latam\/publicidad-con-google-para-pymes\/#breadcrumb"},"inLanguage":"es","potentialAction":[{"@type":"ReadAction","target":["https:\/\/signalisgroup.com\/latam\/publicidad-con-google-para-pymes\/"]}]},{"@type":"BreadcrumbList","@id":"https:\/\/signalisgroup.com\/latam\/publicidad-con-google-para-pymes\/#breadcrumb","itemListElement":[{"@type":"ListItem","position":1,"name":"Portada","item":"https:\/\/signalisgroup.com\/latam\/"},{"@type":"ListItem","position":2,"name":"Publicidad con Google para pymes"}]},{"@type":"WebSite","@id":"https:\/\/signalisgroup.com\/latam\/#website","url":"https:\/\/signalisgroup.com\/latam\/","name":"Signalis Group Latam","description":"Inbound Marketing Agency","potentialAction":[{"@type":"SearchAction","target":{"@type":"EntryPoint","urlTemplate":"https:\/\/signalisgroup.com\/latam\/?s={search_term_string}"},"query-input":{"@type":"PropertyValueSpecification","valueRequired":true,"valueName":"search_term_string"}}],"inLanguage":"es"}]}},"_hostinger_reach_plugin_has_subscription_block":false,"_hostinger_reach_plugin_is_elementor":false,"_links":{"self":[{"href":"https:\/\/signalisgroup.com\/latam\/wp-json\/wp\/v2\/pages\/2792","targetHints":{"allow":["GET"]}}],"collection":[{"href":"https:\/\/signalisgroup.com\/latam\/wp-json\/wp\/v2\/pages"}],"about":[{"href":"https:\/\/signalisgroup.com\/latam\/wp-json\/wp\/v2\/types\/page"}],"author":[{"embeddable":true,"href":"https:\/\/signalisgroup.com\/latam\/wp-json\/wp\/v2\/users\/3"}],"replies":[{"embeddable":true,"href":"https:\/\/signalisgroup.com\/latam\/wp-json\/wp\/v2\/comments?post=2792"}],"version-history":[{"count":4,"href":"https:\/\/signalisgroup.com\/latam\/wp-json\/wp\/v2\/pages\/2792\/revisions"}],"predecessor-version":[{"id":12658,"href":"https:\/\/signalisgroup.com\/latam\/wp-json\/wp\/v2\/pages\/2792\/revisions\/12658"}],"wp:attachment":[{"href":"https:\/\/signalisgroup.com\/latam\/wp-json\/wp\/v2\/media?parent=2792"}],"curies":[{"name":"wp","href":"https:\/\/api.w.org\/{rel}","templated":true}]}}