{"id":2797,"date":"2024-03-29T20:20:21","date_gmt":"2024-03-29T20:20:21","guid":{"rendered":"https:\/\/lightcoral-quail-614152.hostingersite.com\/latam\/?page_id=2797"},"modified":"2024-05-01T23:44:38","modified_gmt":"2024-05-01T23:44:38","slug":"crm-para-pymes","status":"publish","type":"page","link":"https:\/\/signalisgroup.com\/latam\/crm-para-pymes\/","title":{"rendered":"CRM para pymes"},"content":{"rendered":"<p>[et_pb_section fb_built=\u00bb1&#8243; fullwidth=\u00bbon\u00bb next_background_color=\u00bb#ffffff\u00bb admin_label=\u00bbPage Header\u00bb _builder_version=\u00bb4.24.2&#8243; background_color=\u00bb#FFFFFF\u00bb background_image=\u00bbhttps:\/\/lightcoral-quail-614152.hostingersite.com\/latam\/wp-content\/uploads\/2024\/03\/web-designer-planning-790.jpg\u00bb parallax=\u00bbon\u00bb bottom_divider_style=\u00bbgraph4&#8243; global_colors_info=\u00bb{}\u00bb][et_pb_fullwidth_header title=\u00bbCRM para pymes\u00bb admin_label=\u00bbHero Section\u00bb _builder_version=\u00bb4.24.2&#8243; title_font=\u00bb|700|||||||\u00bb title_line_height=\u00bb1.1em\u00bb content_font=\u00bb||||||||\u00bb content_font_size=\u00bb24px\u00bb content_line_height=\u00bb1.3em\u00bb background_enable_color=\u00bboff\u00bb background_color_gradient_stops=\u00bb#9dcca6 1%|rgba(157,204,166,0.79) 97%\u00bb custom_padding=\u00bb||87px|||\u00bb button_one_text_color_hover=\u00bb#6eba01&#8243; button_two_text_color_hover=\u00bb#6eba01&#8243; button_one_border_color_hover=\u00bb#ffffff\u00bb button_two_border_color_hover=\u00bb#ffffff\u00bb button_one_border_radius_hover=\u00bb0&#8243; button_two_border_radius_hover=\u00bb0&#8243; button_one_letter_spacing_hover=\u00bb2&#8243; button_two_letter_spacing_hover=\u00bb2&#8243; button_one_bg_color_hover=\u00bb#ffffff\u00bb button_two_bg_color_hover=\u00bb#ffffff\u00bb global_colors_info=\u00bb{}\u00bb button_one_text_size__hover_enabled=\u00bboff\u00bb button_two_text_size__hover_enabled=\u00bboff\u00bb button_one_border_width__hover_enabled=\u00bboff\u00bb button_two_border_width__hover_enabled=\u00bboff\u00bb]<\/p>\n<p class=\"vc_custom_heading title_h2 wpb_animate_when_almost_visible wpb_fadeInDown fadeInDown wpb_start_animation animated\">Gracias a mis campa\u00f1as y esfuerzos digitales, \u00a1ya tengo muchos clientes! Pero\u2026 \u00bfd\u00f3nde guardo toda su informaci\u00f3n?<\/p>\n<p>[\/et_pb_fullwidth_header][\/et_pb_section][et_pb_section fb_built=\u00bb1&#8243; admin_label=\u00bbContact\u00bb _builder_version=\u00bb4.16&#8243; custom_padding=\u00bb5px||5px||true|false\u00bb saved_tabs=\u00bball\u00bb locked=\u00bboff\u00bb global_colors_info=\u00bb{}\u00bb][et_pb_row _builder_version=\u00bb4.21.0&#8243; _module_preset=\u00bbdefault\u00bb custom_padding=\u00bb3px||3px|||\u00bb global_colors_info=\u00bb{}\u00bb][et_pb_column type=\u00bb4_4&#8243; _builder_version=\u00bb4.21.0&#8243; _module_preset=\u00bbdefault\u00bb global_colors_info=\u00bb{}\u00bb][et_pb_text _builder_version=\u00bb4.24.2&#8243; _module_preset=\u00bbdefault\u00bb global_colors_info=\u00bb{}\u00bb]<\/p>\n<p>No creas que no hemos pensado en eso. Es hora de que controles las relaciones de negocios con un CRM para pymes. Un sistema de CRM (Gesti\u00f3n de las Relaciones con los Clientes) es lo que necesitas a la hora de administrar todos los procesos comerciales de tu pyme.<\/p>\n<p>[\/et_pb_text][et_pb_text _builder_version=\u00bb4.24.2&#8243; _module_preset=\u00bbdefault\u00bb global_colors_info=\u00bb{}\u00bb]<\/p>\n<h2>\u00bfPara qu\u00e9 sirve un CRM en mi negocio?<\/h2>\n<p>Un CRM para pymes permite automatizar tus procesos de venta, dejando un registro de las personas que han mostrado inter\u00e9s en tu empresa, sus productos y\/o servicios. Adem\u00e1s, es un recurso muy importante que permite recopilar archivos de personas interesadas en tu pyme y las comunicaciones que has tenido con ellas.<\/p>\n<p>Las herramientas de hoy permiten que estos sistemas se integren con otras aplicaciones, y se han convertido en un gran complemento para los sitios web y para las pymes que desean llevar su gesti\u00f3n comercial al siguiente nivel.<\/p>\n<p>Un CRM es m\u00e1s que una tecnolog\u00eda para guardar datos. Con este puedes tener todo el ciclo comercial de tu pyme: ventas, marketing, atenci\u00f3n al cliente, y todo tipo de contacto que hayas tenido con tu oportunidad de negocio. Adem\u00e1s, ayuda a que como pyme te olvides de esfuerzos manuales obsoletos para darle paso a recursos como la automatizaci\u00f3n.<\/p>\n<p>Este recurso te permite cerrar m\u00e1s oportunidades de negocio, aumentar la satisfacci\u00f3n del cliente y optimizar procesos internos dentro de tus empleados.<\/p>\n<p>[\/et_pb_text][et_pb_image src=\u00bbhttps:\/\/lightcoral-quail-614152.hostingersite.com\/latam\/wp-content\/uploads\/2024\/03\/crm-para-pymes-e1616796378116.jpg\u00bb title_text=\u00bbcrm-para-pymes-e1616796378116&#8243; align=\u00bbcenter\u00bb _builder_version=\u00bb4.24.2&#8243; _module_preset=\u00bbdefault\u00bb custom_margin=\u00bb||50px|||\u00bb global_colors_info=\u00bb{}\u00bb][\/et_pb_image][et_pb_button button_url=\u00bb@ET-DC@eyJkeW5hbWljIjp0cnVlLCJjb250ZW50IjoicG9zdF9saW5rX3VybF9wYWdlIiwic2V0dGluZ3MiOnsicG9zdF9pZCI6Ijc0MyJ9fQ==@\u00bb button_text=\u00bb\u00a1D\u00e9janos ayudarte a posicionar tu marca en internet!\u00bb _builder_version=\u00bb4.25.0&#8243; _dynamic_attributes=\u00bbbutton_url\u00bb _module_preset=\u00bb0097c6cf-3f09-4941-a754-e61c12c725c6&#8243; global_colors_info=\u00bb{}\u00bb theme_builder_area=\u00bbpost_content\u00bb][\/et_pb_button][et_pb_text _builder_version=\u00bb4.24.2&#8243; _module_preset=\u00bbdefault\u00bb custom_margin=\u00bb50px||39px|||\u00bb global_colors_info=\u00bb{}\u00bb]<\/p>\n<p>Con la opci\u00f3n de CRM para pymes:<\/p>\n<ul>\n<li><strong>Asesor\u00eda en la elecci\u00f3n de tu CRM:<\/strong> te ayudamos seleccionando inicialmente una aplicaci\u00f3n de CRM gratuita (inicialmente podr\u00e1s usar la versi\u00f3n gratis, pero a medida que crezca tu empresa podr\u00e1s a\u00f1adir otras caracter\u00edsticas pagas). Esta selecci\u00f3n estar\u00e1 basada en las necesidades de tu pyme y en las capacidades internas que esta tenga.<\/li>\n<li><strong>Administraci\u00f3n de la aplicaci\u00f3n CRM:<\/strong> nuestro equipo te ayudar\u00e1 a subir los datos que tengas asegur\u00e1ndonos de que tengan todos el mismo formato para que los puedas usar de la mejor manera.Si necesitas apoyo sobre el manejo del software, o no te queda claro c\u00f3mo funciona, te brindaremos un tutorial que te solucionar\u00e1 todas tus dudas.<\/li>\n<li><strong>Creaci\u00f3n de los primeros emails promocionales:<\/strong> escribiremos y dise\u00f1aremos tus primeros mails promocionales. Estos ser\u00e1n enviados a tus contactos y te ense\u00f1aremos a segmentarlos para que tengan un buen desempe\u00f1o de env\u00edo. Estos eblast ser\u00e1n creados seg\u00fan la identidad corporativa de tu pyme, y te servir\u00e1n como insumos para tus futuros env\u00edos.<\/li>\n<\/ul>\n<p>[\/et_pb_text][\/et_pb_column][\/et_pb_row][\/et_pb_section][et_pb_section fb_built=\u00bb1&#8243; _builder_version=\u00bb4.25.0&#8243; _module_preset=\u00bbdefault\u00bb background_color=\u00bb#9DCCA6&#8243; custom_padding=\u00bb1.2%||0.3%||false|false\u00bb global_module=\u00bb2763&#8243; saved_tabs=\u00bball\u00bb global_colors_info=\u00bb{}\u00bb][et_pb_row _builder_version=\u00bb4.21.0&#8243; _module_preset=\u00bbdefault\u00bb custom_padding=\u00bb4px|||||\u00bb global_colors_info=\u00bb{}\u00bb][et_pb_column type=\u00bb4_4&#8243; _builder_version=\u00bb4.21.0&#8243; _module_preset=\u00bbdefault\u00bb global_colors_info=\u00bb{}\u00bb][et_pb_button button_url=\u00bb@ET-DC@eyJkeW5hbWljIjp0cnVlLCJjb250ZW50IjoicG9zdF9saW5rX3VybF9wYWdlIiwic2V0dGluZ3MiOnsicG9zdF9pZCI6Ijc0MyJ9fQ==@\u00bb button_text=\u00bbCont\u00e1ctanos para m\u00e1s informaci\u00f3n\u00bb _builder_version=\u00bb4.25.0&#8243; _dynamic_attributes=\u00bbbutton_url\u00bb _module_preset=\u00bb0097c6cf-3f09-4941-a754-e61c12c725c6&#8243; global_colors_info=\u00bb{}\u00bb][\/et_pb_button][\/et_pb_column][\/et_pb_row][\/et_pb_section]<\/p>\n","protected":false},"excerpt":{"rendered":"<p>Gracias a mis campa\u00f1as y esfuerzos digitales, \u00a1ya tengo muchos clientes! Pero\u2026 \u00bfd\u00f3nde guardo toda su informaci\u00f3n?No creas que no hemos pensado en eso. Es hora de que controles las relaciones de negocios con un CRM para pymes. Un sistema de CRM (Gesti\u00f3n de las Relaciones con los Clientes) es lo que necesitas a la [&hellip;]<\/p>\n","protected":false},"author":3,"featured_media":0,"parent":0,"menu_order":0,"comment_status":"closed","ping_status":"closed","template":"","meta":{"_et_pb_use_builder":"on","_et_pb_old_content":"","_et_gb_content_width":"","content-type":"","footnotes":""},"class_list":["post-2797","page","type-page","status-publish","hentry"],"yoast_head":"<!-- This site is optimized with the Yoast SEO plugin v26.9 - https:\/\/yoast.com\/product\/yoast-seo-wordpress\/ -->\n<title>CRM para pymes - Signalis Group Latam<\/title>\n<meta name=\"robots\" content=\"index, follow, max-snippet:-1, max-image-preview:large, max-video-preview:-1\" \/>\n<link rel=\"canonical\" href=\"https:\/\/signalisgroup.com\/latam\/crm-para-pymes\/\" \/>\n<meta property=\"og:locale\" content=\"es_ES\" \/>\n<meta property=\"og:type\" content=\"article\" \/>\n<meta property=\"og:title\" content=\"CRM para pymes - Signalis Group Latam\" \/>\n<meta property=\"og:description\" content=\"Gracias a mis campa\u00f1as y esfuerzos digitales, \u00a1ya tengo muchos clientes! Pero\u2026 \u00bfd\u00f3nde guardo toda su informaci\u00f3n?No creas que no hemos pensado en eso. Es hora de que controles las relaciones de negocios con un CRM para pymes. Un sistema de CRM (Gesti\u00f3n de las Relaciones con los Clientes) es lo que necesitas a la [&hellip;]\" \/>\n<meta property=\"og:url\" content=\"https:\/\/signalisgroup.com\/latam\/crm-para-pymes\/\" \/>\n<meta property=\"og:site_name\" content=\"Signalis Group Latam\" \/>\n<meta property=\"article:modified_time\" content=\"2024-05-01T23:44:38+00:00\" \/>\n<meta name=\"twitter:card\" content=\"summary_large_image\" \/>\n<script type=\"application\/ld+json\" class=\"yoast-schema-graph\">{\"@context\":\"https:\/\/schema.org\",\"@graph\":[{\"@type\":\"WebPage\",\"@id\":\"https:\/\/signalisgroup.com\/latam\/crm-para-pymes\/\",\"url\":\"https:\/\/signalisgroup.com\/latam\/crm-para-pymes\/\",\"name\":\"CRM para pymes - Signalis Group Latam\",\"isPartOf\":{\"@id\":\"https:\/\/signalisgroup.com\/latam\/#website\"},\"datePublished\":\"2024-03-29T20:20:21+00:00\",\"dateModified\":\"2024-05-01T23:44:38+00:00\",\"breadcrumb\":{\"@id\":\"https:\/\/signalisgroup.com\/latam\/crm-para-pymes\/#breadcrumb\"},\"inLanguage\":\"es\",\"potentialAction\":[{\"@type\":\"ReadAction\",\"target\":[\"https:\/\/signalisgroup.com\/latam\/crm-para-pymes\/\"]}]},{\"@type\":\"BreadcrumbList\",\"@id\":\"https:\/\/signalisgroup.com\/latam\/crm-para-pymes\/#breadcrumb\",\"itemListElement\":[{\"@type\":\"ListItem\",\"position\":1,\"name\":\"Portada\",\"item\":\"https:\/\/signalisgroup.com\/latam\/\"},{\"@type\":\"ListItem\",\"position\":2,\"name\":\"CRM para pymes\"}]},{\"@type\":\"WebSite\",\"@id\":\"https:\/\/signalisgroup.com\/latam\/#website\",\"url\":\"https:\/\/signalisgroup.com\/latam\/\",\"name\":\"Signalis Group Latam\",\"description\":\"Inbound Marketing Agency\",\"potentialAction\":[{\"@type\":\"SearchAction\",\"target\":{\"@type\":\"EntryPoint\",\"urlTemplate\":\"https:\/\/signalisgroup.com\/latam\/?s={search_term_string}\"},\"query-input\":{\"@type\":\"PropertyValueSpecification\",\"valueRequired\":true,\"valueName\":\"search_term_string\"}}],\"inLanguage\":\"es\"}]}<\/script>\n<!-- \/ Yoast SEO plugin. -->","yoast_head_json":{"title":"CRM para pymes - Signalis Group Latam","robots":{"index":"index","follow":"follow","max-snippet":"max-snippet:-1","max-image-preview":"max-image-preview:large","max-video-preview":"max-video-preview:-1"},"canonical":"https:\/\/signalisgroup.com\/latam\/crm-para-pymes\/","og_locale":"es_ES","og_type":"article","og_title":"CRM para pymes - Signalis Group Latam","og_description":"Gracias a mis campa\u00f1as y esfuerzos digitales, \u00a1ya tengo muchos clientes! Pero\u2026 \u00bfd\u00f3nde guardo toda su informaci\u00f3n?No creas que no hemos pensado en eso. Es hora de que controles las relaciones de negocios con un CRM para pymes. Un sistema de CRM (Gesti\u00f3n de las Relaciones con los Clientes) es lo que necesitas a la [&hellip;]","og_url":"https:\/\/signalisgroup.com\/latam\/crm-para-pymes\/","og_site_name":"Signalis Group Latam","article_modified_time":"2024-05-01T23:44:38+00:00","twitter_card":"summary_large_image","schema":{"@context":"https:\/\/schema.org","@graph":[{"@type":"WebPage","@id":"https:\/\/signalisgroup.com\/latam\/crm-para-pymes\/","url":"https:\/\/signalisgroup.com\/latam\/crm-para-pymes\/","name":"CRM para pymes - Signalis Group Latam","isPartOf":{"@id":"https:\/\/signalisgroup.com\/latam\/#website"},"datePublished":"2024-03-29T20:20:21+00:00","dateModified":"2024-05-01T23:44:38+00:00","breadcrumb":{"@id":"https:\/\/signalisgroup.com\/latam\/crm-para-pymes\/#breadcrumb"},"inLanguage":"es","potentialAction":[{"@type":"ReadAction","target":["https:\/\/signalisgroup.com\/latam\/crm-para-pymes\/"]}]},{"@type":"BreadcrumbList","@id":"https:\/\/signalisgroup.com\/latam\/crm-para-pymes\/#breadcrumb","itemListElement":[{"@type":"ListItem","position":1,"name":"Portada","item":"https:\/\/signalisgroup.com\/latam\/"},{"@type":"ListItem","position":2,"name":"CRM para pymes"}]},{"@type":"WebSite","@id":"https:\/\/signalisgroup.com\/latam\/#website","url":"https:\/\/signalisgroup.com\/latam\/","name":"Signalis Group Latam","description":"Inbound Marketing Agency","potentialAction":[{"@type":"SearchAction","target":{"@type":"EntryPoint","urlTemplate":"https:\/\/signalisgroup.com\/latam\/?s={search_term_string}"},"query-input":{"@type":"PropertyValueSpecification","valueRequired":true,"valueName":"search_term_string"}}],"inLanguage":"es"}]}},"_links":{"self":[{"href":"https:\/\/signalisgroup.com\/latam\/wp-json\/wp\/v2\/pages\/2797","targetHints":{"allow":["GET"]}}],"collection":[{"href":"https:\/\/signalisgroup.com\/latam\/wp-json\/wp\/v2\/pages"}],"about":[{"href":"https:\/\/signalisgroup.com\/latam\/wp-json\/wp\/v2\/types\/page"}],"author":[{"embeddable":true,"href":"https:\/\/signalisgroup.com\/latam\/wp-json\/wp\/v2\/users\/3"}],"replies":[{"embeddable":true,"href":"https:\/\/signalisgroup.com\/latam\/wp-json\/wp\/v2\/comments?post=2797"}],"version-history":[{"count":4,"href":"https:\/\/signalisgroup.com\/latam\/wp-json\/wp\/v2\/pages\/2797\/revisions"}],"predecessor-version":[{"id":12659,"href":"https:\/\/signalisgroup.com\/latam\/wp-json\/wp\/v2\/pages\/2797\/revisions\/12659"}],"wp:attachment":[{"href":"https:\/\/signalisgroup.com\/latam\/wp-json\/wp\/v2\/media?parent=2797"}],"curies":[{"name":"wp","href":"https:\/\/api.w.org\/{rel}","templated":true}]}}