{"id":2803,"date":"2024-03-29T20:40:08","date_gmt":"2024-03-29T20:40:08","guid":{"rendered":"https:\/\/lightcoral-quail-614152.hostingersite.com\/latam\/?page_id=2803"},"modified":"2024-05-01T23:49:41","modified_gmt":"2024-05-01T23:49:41","slug":"email-marketing-para-pymes","status":"publish","type":"page","link":"https:\/\/signalisgroup.com\/latam\/email-marketing-para-pymes\/","title":{"rendered":"Email marketing para pymes"},"content":{"rendered":"<p>[et_pb_section fb_built=\u00bb1&#8243; fullwidth=\u00bbon\u00bb next_background_color=\u00bb#ffffff\u00bb admin_label=\u00bbPage Header\u00bb _builder_version=\u00bb4.24.2&#8243; background_color=\u00bb#FFFFFF\u00bb background_image=\u00bbhttps:\/\/lightcoral-quail-614152.hostingersite.com\/latam\/wp-content\/uploads\/2024\/03\/web-designer-planning-790.jpg\u00bb parallax=\u00bbon\u00bb bottom_divider_style=\u00bbgraph4&#8243; global_colors_info=\u00bb{}\u00bb][et_pb_fullwidth_header title=\u00bbEmail marketing para pymes\u00bb admin_label=\u00bbHero Section\u00bb _builder_version=\u00bb4.24.2&#8243; title_font=\u00bb|700|||||||\u00bb title_line_height=\u00bb1.1em\u00bb content_font=\u00bb||||||||\u00bb content_font_size=\u00bb24px\u00bb content_line_height=\u00bb1.3em\u00bb background_enable_color=\u00bboff\u00bb background_color_gradient_stops=\u00bb#9dcca6 1%|rgba(157,204,166,0.79) 97%\u00bb custom_padding=\u00bb||87px|||\u00bb button_one_text_color_hover=\u00bb#6eba01&#8243; button_two_text_color_hover=\u00bb#6eba01&#8243; button_one_border_color_hover=\u00bb#ffffff\u00bb button_two_border_color_hover=\u00bb#ffffff\u00bb button_one_border_radius_hover=\u00bb0&#8243; button_two_border_radius_hover=\u00bb0&#8243; button_one_letter_spacing_hover=\u00bb2&#8243; button_two_letter_spacing_hover=\u00bb2&#8243; button_one_bg_color_hover=\u00bb#ffffff\u00bb button_two_bg_color_hover=\u00bb#ffffff\u00bb global_colors_info=\u00bb{}\u00bb button_one_text_size__hover_enabled=\u00bboff\u00bb button_two_text_size__hover_enabled=\u00bboff\u00bb button_one_border_width__hover_enabled=\u00bboff\u00bb button_two_border_width__hover_enabled=\u00bboff\u00bb]<\/p>\n<p>Muchos afirman que el correo electr\u00f3nico ya est\u00e1 obsoleto; que enviar emails ya no sirve porque las personas no los abren o los desechan f\u00e1cilmente. Pero, \u00bfqu\u00e9 pensar\u00edas si te dijera que esto no es as\u00ed, y que el email marketing es en una alternativa fundamental para las pymes?<\/p>\n<p>[\/et_pb_fullwidth_header][\/et_pb_section][et_pb_section fb_built=\u00bb1&#8243; admin_label=\u00bbContact\u00bb _builder_version=\u00bb4.16&#8243; custom_padding=\u00bb5px||5px||true|false\u00bb saved_tabs=\u00bball\u00bb locked=\u00bboff\u00bb global_colors_info=\u00bb{}\u00bb][et_pb_row _builder_version=\u00bb4.21.0&#8243; _module_preset=\u00bbdefault\u00bb custom_padding=\u00bb3px||3px|||\u00bb global_colors_info=\u00bb{}\u00bb][et_pb_column type=\u00bb4_4&#8243; _builder_version=\u00bb4.21.0&#8243; _module_preset=\u00bbdefault\u00bb global_colors_info=\u00bb{}\u00bb][et_pb_text _builder_version=\u00bb4.24.2&#8243; _module_preset=\u00bbdefault\u00bb global_colors_info=\u00bb{}\u00bb]<\/p>\n<p>El email marketing para pymes es un canal en donde se puede empezar a construir una buena relaci\u00f3n con nuestros futuros clientes. Atenci\u00f3n: no se trata de enviar informaci\u00f3n que \u00fanicamente busque vender a enormes bases de contactos que no est\u00e1n familiarizados con tu empresa; sino de ofrecer informaci\u00f3n interesante, ajustada de acuerdo a la segmentaci\u00f3n de tus leads y a la etapa en la que se encuentran en el trayecto del comprador. Tu audiencia debe ser el centro de atenci\u00f3n.<\/p>\n<h2>\u00bfEl email marketing significa enviar correos electr\u00f3nicos y ya?<\/h2>\n<p>No, no, no. El email marketing para pymes es tu mejor aliado para la construcci\u00f3n de una estrategia s\u00f3lida de marketing, en la cual ver\u00e1s c\u00f3mo las personas descargan tus contenidos, asisten a tus eventos y llegan a consolidarse como clientes.<\/p>\n<p>As\u00ed mismo, podr\u00e1s realizar campa\u00f1as de email marketing que permitan la maduraci\u00f3n de los nuevos leads que ingresen a tus bases de datos y enviarles informaci\u00f3n relevante para que se decidan por tus servicios.<\/p>\n<p>[\/et_pb_text][et_pb_image src=\u00bbhttps:\/\/lightcoral-quail-614152.hostingersite.com\/latam\/wp-content\/uploads\/2024\/03\/email-marketing2-800&#215;500-1.jpg\u00bb title_text=\u00bbemail-marketing2-800&#215;500&#8243; align=\u00bbcenter\u00bb _builder_version=\u00bb4.24.2&#8243; _module_preset=\u00bbdefault\u00bb custom_margin=\u00bb||50px|||\u00bb global_colors_info=\u00bb{}\u00bb][\/et_pb_image][et_pb_text _builder_version=\u00bb4.24.2&#8243; _module_preset=\u00bbdefault\u00bb custom_margin=\u00bb50px||39px|||\u00bb global_colors_info=\u00bb{}\u00bb]<\/p>\n<p>Email marketing para pymes puede ayudarte a fortalecer la relaci\u00f3n con tus clientes brind\u00e1ndoles contenidos de valor.<\/p>\n<ul>\n<li><strong>Definici\u00f3n y planificaci\u00f3n de estrategia de email marketing:<\/strong> te ayudaremos a crear un plan de email marketing enfocado en los objetivos de tu pyme.<\/li>\n<li><strong>Creaci\u00f3n de correos:<\/strong> si no cuentas con un equipo de marketing que se dedique a la escritura y dise\u00f1o de correos, nuestro equipo te apoyar\u00e1 y crear\u00e1 emails personalizados para el momento en el que se encuentre cada contacto.<\/li>\n<li><strong>Atenci\u00f3n personalizada:<\/strong> siempre contar\u00e1s con nuestro equipo de marketing digital y dise\u00f1o para resolver todas las dudas que tengas sobre email marketing.<\/li>\n<\/ul>\n<p>[\/et_pb_text][\/et_pb_column][\/et_pb_row][\/et_pb_section][et_pb_section fb_built=\u00bb1&#8243; _builder_version=\u00bb4.25.0&#8243; _module_preset=\u00bbdefault\u00bb background_color=\u00bb#9DCCA6&#8243; custom_padding=\u00bb1.2%||0.3%||false|false\u00bb global_module=\u00bb2763&#8243; saved_tabs=\u00bball\u00bb global_colors_info=\u00bb{}\u00bb][et_pb_row _builder_version=\u00bb4.21.0&#8243; _module_preset=\u00bbdefault\u00bb custom_padding=\u00bb4px|||||\u00bb global_colors_info=\u00bb{}\u00bb][et_pb_column type=\u00bb4_4&#8243; _builder_version=\u00bb4.21.0&#8243; _module_preset=\u00bbdefault\u00bb global_colors_info=\u00bb{}\u00bb][et_pb_button button_url=\u00bb@ET-DC@eyJkeW5hbWljIjp0cnVlLCJjb250ZW50IjoicG9zdF9saW5rX3VybF9wYWdlIiwic2V0dGluZ3MiOnsicG9zdF9pZCI6Ijc0MyJ9fQ==@\u00bb button_text=\u00bbCont\u00e1ctanos para m\u00e1s informaci\u00f3n\u00bb _builder_version=\u00bb4.25.0&#8243; _dynamic_attributes=\u00bbbutton_url\u00bb _module_preset=\u00bb0097c6cf-3f09-4941-a754-e61c12c725c6&#8243; global_colors_info=\u00bb{}\u00bb][\/et_pb_button][\/et_pb_column][\/et_pb_row][\/et_pb_section]<\/p>\n","protected":false},"excerpt":{"rendered":"<p>Muchos afirman que el correo electr\u00f3nico ya est\u00e1 obsoleto; que enviar emails ya no sirve porque las personas no los abren o los desechan f\u00e1cilmente. Pero, \u00bfqu\u00e9 pensar\u00edas si te dijera que esto no es as\u00ed, y que el email marketing es en una alternativa fundamental para las pymes?El email marketing para pymes es un [&hellip;]<\/p>\n","protected":false},"author":3,"featured_media":0,"parent":0,"menu_order":0,"comment_status":"closed","ping_status":"closed","template":"","meta":{"_et_pb_use_builder":"on","_et_pb_old_content":"","_et_gb_content_width":"","content-type":"","footnotes":""},"class_list":["post-2803","page","type-page","status-publish","hentry"],"yoast_head":"<!-- This site is optimized with the Yoast SEO plugin v27.4 - https:\/\/yoast.com\/product\/yoast-seo-wordpress\/ -->\n<title>Email marketing para pymes - Signalis Group Latam<\/title>\n<meta name=\"robots\" content=\"index, follow, max-snippet:-1, max-image-preview:large, max-video-preview:-1\" \/>\n<link rel=\"canonical\" href=\"https:\/\/signalisgroup.com\/latam\/email-marketing-para-pymes\/\" \/>\n<meta property=\"og:locale\" content=\"es_ES\" \/>\n<meta property=\"og:type\" content=\"article\" \/>\n<meta property=\"og:title\" content=\"Email marketing para pymes - Signalis Group Latam\" \/>\n<meta property=\"og:description\" content=\"Muchos afirman que el correo electr\u00f3nico ya est\u00e1 obsoleto; que enviar emails ya no sirve porque las personas no los abren o los desechan f\u00e1cilmente. Pero, \u00bfqu\u00e9 pensar\u00edas si te dijera que esto no es as\u00ed, y que el email marketing es en una alternativa fundamental para las pymes?El email marketing para pymes es un [&hellip;]\" \/>\n<meta property=\"og:url\" content=\"https:\/\/signalisgroup.com\/latam\/email-marketing-para-pymes\/\" \/>\n<meta property=\"og:site_name\" content=\"Signalis Group Latam\" \/>\n<meta property=\"article:modified_time\" content=\"2024-05-01T23:49:41+00:00\" \/>\n<meta name=\"twitter:card\" content=\"summary_large_image\" \/>\n<script type=\"application\/ld+json\" class=\"yoast-schema-graph\">{\"@context\":\"https:\\\/\\\/schema.org\",\"@graph\":[{\"@type\":\"WebPage\",\"@id\":\"https:\\\/\\\/signalisgroup.com\\\/latam\\\/email-marketing-para-pymes\\\/\",\"url\":\"https:\\\/\\\/signalisgroup.com\\\/latam\\\/email-marketing-para-pymes\\\/\",\"name\":\"Email marketing para pymes - Signalis Group Latam\",\"isPartOf\":{\"@id\":\"https:\\\/\\\/signalisgroup.com\\\/latam\\\/#website\"},\"datePublished\":\"2024-03-29T20:40:08+00:00\",\"dateModified\":\"2024-05-01T23:49:41+00:00\",\"breadcrumb\":{\"@id\":\"https:\\\/\\\/signalisgroup.com\\\/latam\\\/email-marketing-para-pymes\\\/#breadcrumb\"},\"inLanguage\":\"es\",\"potentialAction\":[{\"@type\":\"ReadAction\",\"target\":[\"https:\\\/\\\/signalisgroup.com\\\/latam\\\/email-marketing-para-pymes\\\/\"]}]},{\"@type\":\"BreadcrumbList\",\"@id\":\"https:\\\/\\\/signalisgroup.com\\\/latam\\\/email-marketing-para-pymes\\\/#breadcrumb\",\"itemListElement\":[{\"@type\":\"ListItem\",\"position\":1,\"name\":\"Portada\",\"item\":\"https:\\\/\\\/signalisgroup.com\\\/latam\\\/\"},{\"@type\":\"ListItem\",\"position\":2,\"name\":\"Email marketing para pymes\"}]},{\"@type\":\"WebSite\",\"@id\":\"https:\\\/\\\/signalisgroup.com\\\/latam\\\/#website\",\"url\":\"https:\\\/\\\/signalisgroup.com\\\/latam\\\/\",\"name\":\"Signalis Group Latam\",\"description\":\"Inbound Marketing Agency\",\"potentialAction\":[{\"@type\":\"SearchAction\",\"target\":{\"@type\":\"EntryPoint\",\"urlTemplate\":\"https:\\\/\\\/signalisgroup.com\\\/latam\\\/?s={search_term_string}\"},\"query-input\":{\"@type\":\"PropertyValueSpecification\",\"valueRequired\":true,\"valueName\":\"search_term_string\"}}],\"inLanguage\":\"es\"}]}<\/script>\n<!-- \/ Yoast SEO plugin. -->","yoast_head_json":{"title":"Email marketing para pymes - Signalis Group Latam","robots":{"index":"index","follow":"follow","max-snippet":"max-snippet:-1","max-image-preview":"max-image-preview:large","max-video-preview":"max-video-preview:-1"},"canonical":"https:\/\/signalisgroup.com\/latam\/email-marketing-para-pymes\/","og_locale":"es_ES","og_type":"article","og_title":"Email marketing para pymes - Signalis Group Latam","og_description":"Muchos afirman que el correo electr\u00f3nico ya est\u00e1 obsoleto; que enviar emails ya no sirve porque las personas no los abren o los desechan f\u00e1cilmente. Pero, \u00bfqu\u00e9 pensar\u00edas si te dijera que esto no es as\u00ed, y que el email marketing es en una alternativa fundamental para las pymes?El email marketing para pymes es un [&hellip;]","og_url":"https:\/\/signalisgroup.com\/latam\/email-marketing-para-pymes\/","og_site_name":"Signalis Group Latam","article_modified_time":"2024-05-01T23:49:41+00:00","twitter_card":"summary_large_image","schema":{"@context":"https:\/\/schema.org","@graph":[{"@type":"WebPage","@id":"https:\/\/signalisgroup.com\/latam\/email-marketing-para-pymes\/","url":"https:\/\/signalisgroup.com\/latam\/email-marketing-para-pymes\/","name":"Email marketing para pymes - Signalis Group Latam","isPartOf":{"@id":"https:\/\/signalisgroup.com\/latam\/#website"},"datePublished":"2024-03-29T20:40:08+00:00","dateModified":"2024-05-01T23:49:41+00:00","breadcrumb":{"@id":"https:\/\/signalisgroup.com\/latam\/email-marketing-para-pymes\/#breadcrumb"},"inLanguage":"es","potentialAction":[{"@type":"ReadAction","target":["https:\/\/signalisgroup.com\/latam\/email-marketing-para-pymes\/"]}]},{"@type":"BreadcrumbList","@id":"https:\/\/signalisgroup.com\/latam\/email-marketing-para-pymes\/#breadcrumb","itemListElement":[{"@type":"ListItem","position":1,"name":"Portada","item":"https:\/\/signalisgroup.com\/latam\/"},{"@type":"ListItem","position":2,"name":"Email marketing para pymes"}]},{"@type":"WebSite","@id":"https:\/\/signalisgroup.com\/latam\/#website","url":"https:\/\/signalisgroup.com\/latam\/","name":"Signalis Group Latam","description":"Inbound Marketing Agency","potentialAction":[{"@type":"SearchAction","target":{"@type":"EntryPoint","urlTemplate":"https:\/\/signalisgroup.com\/latam\/?s={search_term_string}"},"query-input":{"@type":"PropertyValueSpecification","valueRequired":true,"valueName":"search_term_string"}}],"inLanguage":"es"}]}},"_hostinger_reach_plugin_has_subscription_block":false,"_hostinger_reach_plugin_is_elementor":false,"_links":{"self":[{"href":"https:\/\/signalisgroup.com\/latam\/wp-json\/wp\/v2\/pages\/2803","targetHints":{"allow":["GET"]}}],"collection":[{"href":"https:\/\/signalisgroup.com\/latam\/wp-json\/wp\/v2\/pages"}],"about":[{"href":"https:\/\/signalisgroup.com\/latam\/wp-json\/wp\/v2\/types\/page"}],"author":[{"embeddable":true,"href":"https:\/\/signalisgroup.com\/latam\/wp-json\/wp\/v2\/users\/3"}],"replies":[{"embeddable":true,"href":"https:\/\/signalisgroup.com\/latam\/wp-json\/wp\/v2\/comments?post=2803"}],"version-history":[{"count":3,"href":"https:\/\/signalisgroup.com\/latam\/wp-json\/wp\/v2\/pages\/2803\/revisions"}],"predecessor-version":[{"id":12661,"href":"https:\/\/signalisgroup.com\/latam\/wp-json\/wp\/v2\/pages\/2803\/revisions\/12661"}],"wp:attachment":[{"href":"https:\/\/signalisgroup.com\/latam\/wp-json\/wp\/v2\/media?parent=2803"}],"curies":[{"name":"wp","href":"https:\/\/api.w.org\/{rel}","templated":true}]}}