{"id":743,"date":"2021-03-15T01:09:20","date_gmt":"2021-03-15T01:09:20","guid":{"rendered":"https:\/\/lightcoral-quail-614152.hostingersite.com\/latam\/?page_id=743"},"modified":"2024-03-27T22:34:32","modified_gmt":"2024-03-27T22:34:32","slug":"contactanos","status":"publish","type":"page","link":"https:\/\/signalisgroup.com\/latam\/contactanos\/","title":{"rendered":"Cont\u00e1ctanos"},"content":{"rendered":"<p>[et_pb_section fb_built=\u00bb1&#8243; admin_label=\u00bbContact\u00bb _builder_version=\u00bb4.16&#8243; custom_padding=\u00bb55px||55px||true|false\u00bb saved_tabs=\u00bball\u00bb global_colors_info=\u00bb{}\u00bb][et_pb_row column_structure=\u00bb1_2,1_2&#8243; _builder_version=\u00bb4.17.4&#8243; _module_preset=\u00bbdefault\u00bb custom_css_main_element=\u00bbdisplay: flex;||flex-wrap: wrap;\u00bb global_colors_info=\u00bb{}\u00bb][et_pb_column type=\u00bb1_2&#8243; _builder_version=\u00bb4.17.4&#8243; _module_preset=\u00bbdefault\u00bb global_colors_info=\u00bb{}\u00bb custom_css_main_element_last_edited=\u00bbon|phone\u00bb custom_css_main_element_tablet=\u00bborder: 2;\u00bb custom_css_main_element_phone=\u00bborder: 2;\u00bb][et_pb_text _builder_version=\u00bb4.24.2&#8243; _module_preset=\u00bbdefault\u00bb text_line_height=\u00bb1.5em\u00bb header_line_height=\u00bb1.3em\u00bb header_2_font_size=\u00bb30px\u00bb hover_enabled=\u00bb0&#8243; global_colors_info=\u00bb{}\u00bb sticky_enabled=\u00bb0&#8243;]<\/p>\n<h1><b><span>\u00bfListo para conocer m\u00e1s sobre tu nuevo socio comercial?<\/span><\/b><\/h1>\n<p>\u00a1Estamos listos para conocerte! Tal vez has estado intentando hacer negocios en Am\u00e9rica Latina y las cosas no han salido como esperabas. O tal vez est\u00e1s a punto de comenzar tu programa de marketing en nuestra regi\u00f3n. En cualquier caso, cu\u00e9ntanos tu historia y expectativas. \u00a1Te llevaremos all\u00ed!<\/p>\n<p>&nbsp;<\/p>\n<h2><span>Estas son algunas de las empresas que han confiado en nosotros<\/span>:<\/h2>\n<p>[\/et_pb_text][et_pb_image src=\u00bbhttps:\/\/lightcoral-quail-614152.hostingersite.com\/latam\/wp-content\/uploads\/2022\/05\/Logos-clientes.jpg\u00bb title_text=\u00bbLogos clientes\u00bb src_tablet=\u00bbhttps:\/\/lightcoral-quail-614152.hostingersite.com\/latam\/wp-content\/uploads\/2022\/05\/Logos-clientes.jpg\u00bb src_phone=\u00bbhttps:\/\/lightcoral-quail-614152.hostingersite.com\/latam\/wp-content\/uploads\/2022\/05\/Logos-clientes-400.jpg\u00bb src_last_edited=\u00bbon|phone\u00bb _builder_version=\u00bb4.17.4&#8243; _module_preset=\u00bbdefault\u00bb global_colors_info=\u00bb{}\u00bb][\/et_pb_image][\/et_pb_column][et_pb_column type=\u00bb1_2&#8243; _builder_version=\u00bb4.17.4&#8243; _module_preset=\u00bbdefault\u00bb background_color=\u00bb#3D393B\u00bb custom_padding=\u00bb30px|30px|30px|30px|true|true\u00bb border_radii=\u00bbon|10px|10px|10px|10px\u00bb global_colors_info=\u00bb{}\u00bb custom_css_main_element_last_edited=\u00bbon|phone\u00bb custom_css_main_element_tablet=\u00bborder: 1;\u00bb custom_css_main_element_phone=\u00bborder: 1;\u00bb][et_pb_code _builder_version=\u00bb4.24.2&#8243; _module_preset=\u00bbdefault\u00bb hover_enabled=\u00bb0&#8243; global_colors_info=\u00bb{}\u00bb sticky_enabled=\u00bb0&#8243;]<script charset=\"utf-8\" type=\"text\/javascript\" src=\"\/\/js.hsforms.net\/forms\/embed\/v2.js\"><\/script><!-- [et_pb_line_break_holder] --><script><!-- [et_pb_line_break_holder] -->  hbspt.forms.create({<!-- [et_pb_line_break_holder] -->    region: \"na1\",<!-- [et_pb_line_break_holder] -->    portalId: \"4303380\",<!-- [et_pb_line_break_holder] -->    formId: \"182d0e23-67de-4b92-a85a-f1fe22e6814d\"<!-- [et_pb_line_break_holder] -->  });<!-- [et_pb_line_break_holder] --><\/script>[\/et_pb_code][\/et_pb_column][\/et_pb_row][et_pb_row column_structure=\u00bb1_3,1_3,1_3&#8243; _builder_version=\u00bb4.17.4&#8243; _module_preset=\u00bbdefault\u00bb global_colors_info=\u00bb{}\u00bb][et_pb_column type=\u00bb1_3&#8243; _builder_version=\u00bb4.17.4&#8243; _module_preset=\u00bbdefault\u00bb global_colors_info=\u00bb{}\u00bb][et_pb_blurb use_icon=\u00bbon\u00bb font_icon=\u00bb&#xe081;||divi||400&#8243; icon_color=\u00bb#9DCCA6&#8243; image_icon_background_color=\u00bbgcid-6fae32db-ef72-409f-9153-2274daefd487&#8243; image_icon_width=\u00bb46px\u00bb _builder_version=\u00bb4.17.4&#8243; header_font=\u00bbRoboto|700|||||||\u00bb header_font_size=\u00bb18px\u00bb header_line_height=\u00bb1.7em\u00bb body_font=\u00bb||||||||\u00bb body_line_height=\u00bb1.8em\u00bb background_color=\u00bb#f2f2f2&#8243; image_icon_custom_padding=\u00bb25px|25px|25px|25px|false|false\u00bb text_orientation=\u00bbcenter\u00bb module_alignment=\u00bbleft\u00bb custom_margin=\u00bb-1px||0px|||\u00bb custom_padding=\u00bb30px|20px|40px|20px|false|true\u00bb custom_padding_tablet=\u00bb\u00bb custom_padding_phone=\u00bb\u00bb custom_padding_last_edited=\u00bbon|phone\u00bb animation_style=\u00bbzoom\u00bb animation_intensity_zoom=\u00bb8%\u00bb animation=\u00bboff\u00bb border_radii=\u00bbon|10px|10px|10px|10px\u00bb box_shadow_style=\u00bbpreset4&#8243; box_shadow_color=\u00bb#9DCCA6&#8243; icon_font_size=\u00bb46px\u00bb use_circle=\u00bbon\u00bb circle_color=\u00bbgcid-6fae32db-ef72-409f-9153-2274daefd487&#8243; locked=\u00bboff\u00bb global_colors_info=\u00bb{%22gcid-6fae32db-ef72-409f-9153-2274daefd487%22:%91%22circle_color%22,%22circle_color%22,%22circle_color%22,%22circle_color%22%93}\u00bb image_icon_background_color__sticky_enabled=\u00bb#006933&#8243; image_icon_background_color__sticky=\u00bb#006933&#8243;]<\/p>\n<p><span style=\"font-weight: 400;\">Coconut Creek, Florida<br \/><\/span><span style=\"font-weight: 400;\">Medell\u00edn, Colombia<br \/><\/span><span style=\"font-weight: 400;\">S\u00e3o Paulo, Brazil<\/span><\/p>\n<p>[\/et_pb_blurb][\/et_pb_column][et_pb_column type=\u00bb1_3&#8243; _builder_version=\u00bb4.17.4&#8243; _module_preset=\u00bbdefault\u00bb global_colors_info=\u00bb{}\u00bb][et_pb_blurb use_icon=\u00bbon\u00bb font_icon=\u00bb&#xe076;||divi||400&#8243; icon_color=\u00bb#9DCCA6&#8243; image_icon_background_color=\u00bbgcid-6fae32db-ef72-409f-9153-2274daefd487&#8243; image_icon_width=\u00bb46px\u00bb _builder_version=\u00bb4.17.4&#8243; header_font=\u00bbRoboto|700|||||||\u00bb header_font_size=\u00bb18px\u00bb header_line_height=\u00bb1.7em\u00bb body_font=\u00bb||||||||\u00bb body_line_height=\u00bb1.8em\u00bb background_color=\u00bb#f2f2f2&#8243; image_icon_custom_padding=\u00bb25px|25px|25px|25px|false|false\u00bb text_orientation=\u00bbcenter\u00bb module_alignment=\u00bbleft\u00bb custom_margin=\u00bb1px||0px|||\u00bb custom_padding=\u00bb30px|20px|40px|20px|false|true\u00bb custom_padding_tablet=\u00bb\u00bb custom_padding_phone=\u00bb\u00bb custom_padding_last_edited=\u00bbon|phone\u00bb animation_style=\u00bbzoom\u00bb animation_intensity_zoom=\u00bb8%\u00bb animation=\u00bboff\u00bb border_radii=\u00bbon|10px|10px|10px|10px\u00bb box_shadow_style=\u00bbpreset4&#8243; box_shadow_color=\u00bb#9DCCA6&#8243; icon_font_size=\u00bb46px\u00bb use_circle=\u00bbon\u00bb circle_color=\u00bbgcid-6fae32db-ef72-409f-9153-2274daefd487&#8243; locked=\u00bboff\u00bb global_colors_info=\u00bb{%22gcid-6fae32db-ef72-409f-9153-2274daefd487%22:%91%22circle_color%22,%22circle_color%22,%22circle_color%22,%22circle_color%22,%22circle_color%22,%22circle_color%22%93}\u00bb image_icon_background_color__sticky_enabled=\u00bb#006933&#8243; image_icon_background_color__sticky=\u00bb#006933&#8243;]<\/p>\n<p><span style=\"font-weight: 400;\">7042660679<br \/><\/span><span style=\"font-weight: 400;\"><a href=\"mailto:info@lightcoral-quail-614152.hostingersite.com\">info@lightcoral-quail-614152.hostingersite.com<\/a><br \/>&#8211;<\/span><\/p>\n<p>[\/et_pb_blurb][\/et_pb_column][et_pb_column type=\u00bb1_3&#8243; _builder_version=\u00bb4.17.4&#8243; _module_preset=\u00bbdefault\u00bb global_colors_info=\u00bb{}\u00bb][et_pb_blurb use_icon=\u00bbon\u00bb font_icon=\u00bb&#xe080;||divi||400&#8243; icon_color=\u00bb#9DCCA6&#8243; image_icon_background_color=\u00bbgcid-6fae32db-ef72-409f-9153-2274daefd487&#8243; image_icon_width=\u00bb46px\u00bb _builder_version=\u00bb4.17.4&#8243; header_font=\u00bbRoboto|700|||||||\u00bb header_font_size=\u00bb18px\u00bb header_line_height=\u00bb1.7em\u00bb body_font=\u00bb||||||||\u00bb body_line_height=\u00bb1.8em\u00bb background_color=\u00bb#f2f2f2&#8243; image_icon_custom_padding=\u00bb25px|25px|25px|25px|false|false\u00bb text_orientation=\u00bbcenter\u00bb module_alignment=\u00bbleft\u00bb custom_margin=\u00bb1px||0px|||\u00bb custom_padding=\u00bb30px|20px|40px|20px|false|true\u00bb custom_padding_tablet=\u00bb\u00bb custom_padding_phone=\u00bb\u00bb custom_padding_last_edited=\u00bbon|phone\u00bb animation_style=\u00bbzoom\u00bb animation_intensity_zoom=\u00bb8%\u00bb animation=\u00bboff\u00bb border_radii=\u00bbon|10px|10px|10px|10px\u00bb box_shadow_style=\u00bbpreset4&#8243; box_shadow_color=\u00bb#9DCCA6&#8243; icon_font_size=\u00bb46px\u00bb use_circle=\u00bbon\u00bb circle_color=\u00bbgcid-6fae32db-ef72-409f-9153-2274daefd487&#8243; locked=\u00bboff\u00bb global_colors_info=\u00bb{%22gcid-6fae32db-ef72-409f-9153-2274daefd487%22:%91%22circle_color%22,%22circle_color%22,%22circle_color%22%93}\u00bb image_icon_background_color__sticky_enabled=\u00bb#006933&#8243; image_icon_background_color__sticky=\u00bb#006933&#8243;]<\/p>\n<p>M-F: 9am &#8211; 5pm<br \/>S-S: Closed<br \/>&#8211;<\/p>\n<p>[\/et_pb_blurb][\/et_pb_column][\/et_pb_row][\/et_pb_section][et_pb_section fb_built=\u00bb1&#8243; custom_padding_last_edited=\u00bbon|desktop\u00bb admin_label=\u00bbFooter\u00bb _builder_version=\u00bb4.17.4&#8243; use_background_color_gradient=\u00bbon\u00bb background_color_gradient_stops=\u00bb#9dcca6 0%|#9dcca6 100%\u00bb background_color_gradient_start=\u00bb#efefef\u00bb background_color_gradient_end=\u00bb#7a7a7a\u00bb background_enable_image=\u00bboff\u00bb parallax=\u00bbon\u00bb custom_padding=\u00bb4vw||4vw||false|false\u00bb custom_padding_tablet=\u00bb100px||100px||true\u00bb custom_padding_phone=\u00bb||||true\u00bb top_divider_height=\u00bb250px\u00bb top_divider_flip=\u00bbvertical\u00bb top_divider_height_tablet=\u00bb150px\u00bb top_divider_height_phone=\u00bb110px\u00bb top_divider_height_last_edited=\u00bbon|phone\u00bb saved_tabs=\u00bball\u00bb global_colors_info=\u00bb{}\u00bb][et_pb_row module_class=\u00bb et_pb_row_fullwidth\u00bb _builder_version=\u00bb4.14.7&#8243; width=\u00bb89%\u00bb width_tablet=\u00bb80%\u00bb width_phone=\u00bb\u00bb width_last_edited=\u00bbon|desktop\u00bb max_width=\u00bb89%\u00bb max_width_tablet=\u00bb80%\u00bb max_width_last_edited=\u00bboff|desktop\u00bb custom_margin_phone=\u00bb|||\u00bb custom_margin_last_edited=\u00bboff|desktop\u00bb custom_padding=\u00bb25px||16px|||\u00bb make_fullwidth=\u00bbon\u00bb global_module=\u00bb543&#8243; saved_tabs=\u00bball\u00bb global_colors_info=\u00bb{}\u00bb][et_pb_column type=\u00bb4_4&#8243; _builder_version=\u00bb4.16&#8243; custom_padding=\u00bb|||\u00bb global_colors_info=\u00bb{}\u00bb custom_padding__hover=\u00bb|||\u00bb][et_pb_text _builder_version=\u00bb4.17.4&#8243; _module_preset=\u00bbc99935c0-f2b3-42ad-8778-551154469a22&#8243; header_2_font_size=\u00bb30px\u00bb header_2_line_height=\u00bb1.1em\u00bb header_3_font=\u00bb|700||on|||||\u00bb header_3_text_align=\u00bbcenter\u00bb header_3_text_color=\u00bb#ffffff\u00bb header_3_font_size=\u00bb21px\u00bb header_3_letter_spacing=\u00bb5px\u00bb max_width=\u00bb850px\u00bb custom_margin=\u00bb||12px|||\u00bb custom_padding=\u00bb||0px|||\u00bb text_font_size_last_edited=\u00bboff|desktop\u00bb header_2_font_size_tablet=\u00bb40px\u00bb header_2_font_size_phone=\u00bb32px\u00bb header_2_font_size_last_edited=\u00bbon|desktop\u00bb header_3_font_size_tablet=\u00bb16px\u00bb header_3_font_size_phone=\u00bb14px\u00bb header_3_font_size_last_edited=\u00bbon|phone\u00bb global_colors_info=\u00bb{}\u00bb]<\/p>\n<h2>&#8230;<\/h2>\n<p>[\/et_pb_text][\/et_pb_column][\/et_pb_row][\/et_pb_section]<\/p>\n","protected":false},"excerpt":{"rendered":"<p>\u00bfListo para conocer m\u00e1s sobre tu nuevo socio comercial? \u00a1Estamos listos para conocerte! Tal vez has estado intentando hacer negocios en Am\u00e9rica Latina y las cosas no han salido como esperabas. O tal vez est\u00e1s a punto de comenzar tu programa de marketing en nuestra regi\u00f3n. En cualquier caso, cu\u00e9ntanos tu historia y expectativas. \u00a1Te [&hellip;]<\/p>\n","protected":false},"author":3,"featured_media":0,"parent":0,"menu_order":0,"comment_status":"closed","ping_status":"closed","template":"","meta":{"_et_pb_use_builder":"on","_et_pb_old_content":"","_et_gb_content_width":"","content-type":"","footnotes":""},"class_list":["post-743","page","type-page","status-publish","hentry"],"yoast_head":"<!-- This site is optimized with the Yoast SEO plugin v27.4 - https:\/\/yoast.com\/product\/yoast-seo-wordpress\/ -->\n<title>Cont\u00e1ctanos - Signalis Group Latam<\/title>\n<meta name=\"description\" content=\"Contact Signalis Group to enhance your Latin American marketing program. Let&#039;s build long-lasting relationships with your Latin customers.\" \/>\n<meta name=\"robots\" content=\"index, follow, max-snippet:-1, max-image-preview:large, max-video-preview:-1\" \/>\n<link rel=\"canonical\" href=\"https:\/\/lightcoral-quail-614152.hostingersite.com\/latam\/contactanos\/\" \/>\n<meta property=\"og:locale\" content=\"es_ES\" \/>\n<meta property=\"og:type\" content=\"article\" \/>\n<meta property=\"og:title\" content=\"Cont\u00e1ctanos - Signalis Group Latam\" \/>\n<meta property=\"og:description\" content=\"Contact Signalis Group to enhance your Latin American marketing program. Let&#039;s build long-lasting relationships with your Latin customers.\" \/>\n<meta property=\"og:url\" content=\"https:\/\/lightcoral-quail-614152.hostingersite.com\/latam\/contactanos\/\" \/>\n<meta property=\"og:site_name\" content=\"Signalis Group Latam\" \/>\n<meta property=\"article:modified_time\" content=\"2024-03-27T22:34:32+00:00\" \/>\n<meta name=\"twitter:card\" content=\"summary_large_image\" \/>\n<meta name=\"twitter:label1\" content=\"Tiempo de lectura\" \/>\n\t<meta name=\"twitter:data1\" content=\"2 minutos\" \/>\n<script type=\"application\/ld+json\" class=\"yoast-schema-graph\">{\"@context\":\"https:\\\/\\\/schema.org\",\"@graph\":[{\"@type\":\"WebPage\",\"@id\":\"https:\\\/\\\/lightcoral-quail-614152.hostingersite.com\\\/latam\\\/contactanos\\\/\",\"url\":\"https:\\\/\\\/lightcoral-quail-614152.hostingersite.com\\\/latam\\\/contactanos\\\/\",\"name\":\"Cont\u00e1ctanos - Signalis Group Latam\",\"isPartOf\":{\"@id\":\"https:\\\/\\\/signalisgroup.com\\\/latam\\\/#website\"},\"datePublished\":\"2021-03-15T01:09:20+00:00\",\"dateModified\":\"2024-03-27T22:34:32+00:00\",\"description\":\"Contact Signalis Group to enhance your Latin American marketing program. Let's build long-lasting relationships with your Latin customers.\",\"breadcrumb\":{\"@id\":\"https:\\\/\\\/lightcoral-quail-614152.hostingersite.com\\\/latam\\\/contactanos\\\/#breadcrumb\"},\"inLanguage\":\"es\",\"potentialAction\":[{\"@type\":\"ReadAction\",\"target\":[\"https:\\\/\\\/lightcoral-quail-614152.hostingersite.com\\\/latam\\\/contactanos\\\/\"]}]},{\"@type\":\"BreadcrumbList\",\"@id\":\"https:\\\/\\\/lightcoral-quail-614152.hostingersite.com\\\/latam\\\/contactanos\\\/#breadcrumb\",\"itemListElement\":[{\"@type\":\"ListItem\",\"position\":1,\"name\":\"Portada\",\"item\":\"https:\\\/\\\/signalisgroup.com\\\/latam\\\/\"},{\"@type\":\"ListItem\",\"position\":2,\"name\":\"Cont\u00e1ctanos\"}]},{\"@type\":\"WebSite\",\"@id\":\"https:\\\/\\\/signalisgroup.com\\\/latam\\\/#website\",\"url\":\"https:\\\/\\\/signalisgroup.com\\\/latam\\\/\",\"name\":\"Signalis Group Latam\",\"description\":\"Inbound Marketing Agency\",\"potentialAction\":[{\"@type\":\"SearchAction\",\"target\":{\"@type\":\"EntryPoint\",\"urlTemplate\":\"https:\\\/\\\/signalisgroup.com\\\/latam\\\/?s={search_term_string}\"},\"query-input\":{\"@type\":\"PropertyValueSpecification\",\"valueRequired\":true,\"valueName\":\"search_term_string\"}}],\"inLanguage\":\"es\"}]}<\/script>\n<!-- \/ Yoast SEO plugin. -->","yoast_head_json":{"title":"Cont\u00e1ctanos - Signalis Group Latam","description":"Contact Signalis Group to enhance your Latin American marketing program. Let's build long-lasting relationships with your Latin customers.","robots":{"index":"index","follow":"follow","max-snippet":"max-snippet:-1","max-image-preview":"max-image-preview:large","max-video-preview":"max-video-preview:-1"},"canonical":"https:\/\/lightcoral-quail-614152.hostingersite.com\/latam\/contactanos\/","og_locale":"es_ES","og_type":"article","og_title":"Cont\u00e1ctanos - Signalis Group Latam","og_description":"Contact Signalis Group to enhance your Latin American marketing program. Let's build long-lasting relationships with your Latin customers.","og_url":"https:\/\/lightcoral-quail-614152.hostingersite.com\/latam\/contactanos\/","og_site_name":"Signalis Group Latam","article_modified_time":"2024-03-27T22:34:32+00:00","twitter_card":"summary_large_image","twitter_misc":{"Tiempo de lectura":"2 minutos"},"schema":{"@context":"https:\/\/schema.org","@graph":[{"@type":"WebPage","@id":"https:\/\/lightcoral-quail-614152.hostingersite.com\/latam\/contactanos\/","url":"https:\/\/lightcoral-quail-614152.hostingersite.com\/latam\/contactanos\/","name":"Cont\u00e1ctanos - Signalis Group Latam","isPartOf":{"@id":"https:\/\/signalisgroup.com\/latam\/#website"},"datePublished":"2021-03-15T01:09:20+00:00","dateModified":"2024-03-27T22:34:32+00:00","description":"Contact Signalis Group to enhance your Latin American marketing program. Let's build long-lasting relationships with your Latin customers.","breadcrumb":{"@id":"https:\/\/lightcoral-quail-614152.hostingersite.com\/latam\/contactanos\/#breadcrumb"},"inLanguage":"es","potentialAction":[{"@type":"ReadAction","target":["https:\/\/lightcoral-quail-614152.hostingersite.com\/latam\/contactanos\/"]}]},{"@type":"BreadcrumbList","@id":"https:\/\/lightcoral-quail-614152.hostingersite.com\/latam\/contactanos\/#breadcrumb","itemListElement":[{"@type":"ListItem","position":1,"name":"Portada","item":"https:\/\/signalisgroup.com\/latam\/"},{"@type":"ListItem","position":2,"name":"Cont\u00e1ctanos"}]},{"@type":"WebSite","@id":"https:\/\/signalisgroup.com\/latam\/#website","url":"https:\/\/signalisgroup.com\/latam\/","name":"Signalis Group Latam","description":"Inbound Marketing Agency","potentialAction":[{"@type":"SearchAction","target":{"@type":"EntryPoint","urlTemplate":"https:\/\/signalisgroup.com\/latam\/?s={search_term_string}"},"query-input":{"@type":"PropertyValueSpecification","valueRequired":true,"valueName":"search_term_string"}}],"inLanguage":"es"}]}},"_hostinger_reach_plugin_has_subscription_block":false,"_hostinger_reach_plugin_is_elementor":false,"_links":{"self":[{"href":"https:\/\/signalisgroup.com\/latam\/wp-json\/wp\/v2\/pages\/743","targetHints":{"allow":["GET"]}}],"collection":[{"href":"https:\/\/signalisgroup.com\/latam\/wp-json\/wp\/v2\/pages"}],"about":[{"href":"https:\/\/signalisgroup.com\/latam\/wp-json\/wp\/v2\/types\/page"}],"author":[{"embeddable":true,"href":"https:\/\/signalisgroup.com\/latam\/wp-json\/wp\/v2\/users\/3"}],"replies":[{"embeddable":true,"href":"https:\/\/signalisgroup.com\/latam\/wp-json\/wp\/v2\/comments?post=743"}],"version-history":[{"count":25,"href":"https:\/\/signalisgroup.com\/latam\/wp-json\/wp\/v2\/pages\/743\/revisions"}],"predecessor-version":[{"id":2783,"href":"https:\/\/signalisgroup.com\/latam\/wp-json\/wp\/v2\/pages\/743\/revisions\/2783"}],"wp:attachment":[{"href":"https:\/\/signalisgroup.com\/latam\/wp-json\/wp\/v2\/media?parent=743"}],"curies":[{"name":"wp","href":"https:\/\/api.w.org\/{rel}","templated":true}]}}